{"id":10746,"date":"2017-06-07T12:57:00","date_gmt":"2017-06-07T12:57:00","guid":{"rendered":"https:\/\/tekkieuni.com\/team\/"},"modified":"2019-11-03T12:40:56","modified_gmt":"2019-11-03T12:40:56","slug":"team","status":"publish","type":"page","link":"https:\/\/tekkieuni.com\/de\/team\/","title":{"rendered":"Unser Team"},"content":{"rendered":"","protected":false},"excerpt":{"rendered":"","protected":false},"author":31,"featured_media":0,"parent":0,"menu_order":0,"comment_status":"closed","ping_status":"closed","template":"templates\/page-team.php","meta":{"_acf_changed":false,"inline_featured_image":false,"footnotes":""},"class_list":["post-10746","page","type-page","status-publish","hentry"],"acf":[],"yoast_head":"<!-- This site is optimized with the Yoast SEO plugin v25.0 - https:\/\/yoast.com\/wordpress\/plugins\/seo\/ -->\n<title>Die besten Online-Programmierlehrer - Tekkie Uni<\/title>\n<meta name=\"description\" content=\"Unsere Lehrer und Tutoren sind daf\u00fcr renommiert, Kinder im Programmieren zu unterrichten. Sie haben eine Leidenschaft f\u00fcr Code und das Programmieren. Es ist ihnen wichtig, den Kindern eine Lernerfahrung zu bieten, bei der sie das Gef\u00fchl haben, unterst\u00fctzt zu werden und dass es sich lohnt. Setzen Sie sich noch heute mit einem Lehrer in Ihrer N\u00e4he in Verbindung.\" \/>\n<meta name=\"robots\" content=\"index, follow, max-snippet:-1, max-image-preview:large, max-video-preview:-1\" \/>\n<link rel=\"canonical\" href=\"https:\/\/tekkieuni.com\/de\/team\/\" \/>\n<meta property=\"og:locale\" content=\"de_DE\" \/>\n<meta property=\"og:type\" content=\"article\" \/>\n<meta property=\"og:title\" content=\"Die besten Online-Programmierlehrer - Tekkie Uni\" \/>\n<meta property=\"og:description\" content=\"Unsere Lehrer und Tutoren sind daf\u00fcr renommiert, Kinder im Programmieren zu unterrichten. Sie haben eine Leidenschaft f\u00fcr Code und das Programmieren. Es ist ihnen wichtig, den Kindern eine Lernerfahrung zu bieten, bei der sie das Gef\u00fchl haben, unterst\u00fctzt zu werden und dass es sich lohnt. Setzen Sie sich noch heute mit einem Lehrer in Ihrer N\u00e4he in Verbindung.\" \/>\n<meta property=\"og:url\" content=\"https:\/\/tekkieuni.com\/de\/team\/\" \/>\n<meta property=\"og:site_name\" content=\"TekkieUni - Coding for Kids\" \/>\n<meta property=\"article:publisher\" content=\"https:\/\/www.facebook.com\/TekkieUni\/\" \/>\n<meta property=\"article:modified_time\" content=\"2019-11-03T12:40:56+00:00\" \/>\n<meta name=\"twitter:card\" content=\"summary_large_image\" \/>\n<!-- \/ Yoast SEO plugin. -->","yoast_head_json":{"title":"Die besten Online-Programmierlehrer - Tekkie Uni","description":"Unsere Lehrer und Tutoren sind daf\u00fcr renommiert, Kinder im Programmieren zu unterrichten. Sie haben eine Leidenschaft f\u00fcr Code und das Programmieren. Es ist ihnen wichtig, den Kindern eine Lernerfahrung zu bieten, bei der sie das Gef\u00fchl haben, unterst\u00fctzt zu werden und dass es sich lohnt. Setzen Sie sich noch heute mit einem Lehrer in Ihrer N\u00e4he in Verbindung.","robots":{"index":"index","follow":"follow","max-snippet":"max-snippet:-1","max-image-preview":"max-image-preview:large","max-video-preview":"max-video-preview:-1"},"canonical":"https:\/\/tekkieuni.com\/de\/team\/","og_locale":"de_DE","og_type":"article","og_title":"Die besten Online-Programmierlehrer - Tekkie Uni","og_description":"Unsere Lehrer und Tutoren sind daf\u00fcr renommiert, Kinder im Programmieren zu unterrichten. Sie haben eine Leidenschaft f\u00fcr Code und das Programmieren. Es ist ihnen wichtig, den Kindern eine Lernerfahrung zu bieten, bei der sie das Gef\u00fchl haben, unterst\u00fctzt zu werden und dass es sich lohnt. Setzen Sie sich noch heute mit einem Lehrer in Ihrer N\u00e4he in Verbindung.","og_url":"https:\/\/tekkieuni.com\/de\/team\/","og_site_name":"TekkieUni - Coding for Kids","article_publisher":"https:\/\/www.facebook.com\/TekkieUni\/","article_modified_time":"2019-11-03T12:40:56+00:00","twitter_card":"summary_large_image","schema":{"@context":"https:\/\/schema.org","@graph":[{"@type":"WebPage","@id":"https:\/\/tekkieuni.com\/de\/team\/","url":"https:\/\/tekkieuni.com\/de\/team\/","name":"Die besten Online-Programmierlehrer - Tekkie Uni","isPartOf":{"@id":"https:\/\/tekkieuni.com\/#website"},"datePublished":"2017-06-07T12:57:00+00:00","dateModified":"2019-11-03T12:40:56+00:00","description":"Unsere Lehrer und Tutoren sind daf\u00fcr renommiert, Kinder im Programmieren zu unterrichten. Sie haben eine Leidenschaft f\u00fcr Code und das Programmieren. Es ist ihnen wichtig, den Kindern eine Lernerfahrung zu bieten, bei der sie das Gef\u00fchl haben, unterst\u00fctzt zu werden und dass es sich lohnt. Setzen Sie sich noch heute mit einem Lehrer in Ihrer N\u00e4he in Verbindung.","inLanguage":"de-DE","potentialAction":[{"@type":"ReadAction","target":["https:\/\/tekkieuni.com\/de\/team\/"]}]},{"@type":"WebSite","@id":"https:\/\/tekkieuni.com\/#website","url":"https:\/\/tekkieuni.com\/","name":"TekkieUni - Coding for Kids","description":"","potentialAction":[{"@type":"SearchAction","target":{"@type":"EntryPoint","urlTemplate":"https:\/\/tekkieuni.com\/?s={search_term_string}"},"query-input":{"@type":"PropertyValueSpecification","valueRequired":true,"valueName":"search_term_string"}}],"inLanguage":"de-DE"}]}},"jetpack_sharing_enabled":true,"_links":{"self":[{"href":"https:\/\/tekkieuni.com\/de\/wp-json\/wp\/v2\/pages\/10746","targetHints":{"allow":["GET"]}}],"collection":[{"href":"https:\/\/tekkieuni.com\/de\/wp-json\/wp\/v2\/pages"}],"about":[{"href":"https:\/\/tekkieuni.com\/de\/wp-json\/wp\/v2\/types\/page"}],"author":[{"embeddable":true,"href":"https:\/\/tekkieuni.com\/de\/wp-json\/wp\/v2\/users\/31"}],"replies":[{"embeddable":true,"href":"https:\/\/tekkieuni.com\/de\/wp-json\/wp\/v2\/comments?post=10746"}],"version-history":[{"count":0,"href":"https:\/\/tekkieuni.com\/de\/wp-json\/wp\/v2\/pages\/10746\/revisions"}],"wp:attachment":[{"href":"https:\/\/tekkieuni.com\/de\/wp-json\/wp\/v2\/media?parent=10746"}],"curies":[{"name":"wp","href":"https:\/\/api.w.org\/{rel}","templated":true}]}}