{"id":10895,"date":"2017-05-11T07:39:15","date_gmt":"2017-05-11T07:39:15","guid":{"rendered":"https:\/\/tekkieuni.com\/how-it-works\/"},"modified":"2024-08-28T08:51:28","modified_gmt":"2024-08-28T08:51:28","slug":"how-it-works","status":"publish","type":"page","link":"https:\/\/tekkieuni.com\/de\/how-it-works\/","title":{"rendered":"Unser Erfolgskonzept"},"content":{"rendered":"","protected":false},"excerpt":{"rendered":"","protected":false},"author":31,"featured_media":0,"parent":0,"menu_order":0,"comment_status":"closed","ping_status":"closed","template":"templates\/page-how-it-works-v2.php","meta":{"_acf_changed":false,"inline_featured_image":false,"footnotes":""},"class_list":["post-10895","page","type-page","status-publish","hentry"],"acf":[],"yoast_head":"<!-- This site is optimized with the Yoast SEO plugin v25.0 - https:\/\/yoast.com\/wordpress\/plugins\/seo\/ -->\n<title>Unsere innovative Online-Lehrmethodik - Tekkie Uni<\/title>\n<meta name=\"description\" content=\"Wir bringen Ihre Kinder im Rahmen von Online-Unterricht, der Spa\u00df macht, in Kontakt mit zertifizierten Lehrern und einer Community. Das Programm bietet eine f\u00f6rdernde Umgebung, in der Kinder lernen und wachsen k\u00f6nnen. Diese umfasst Sch\u00fcler-Lehrer-Foren, Online-Inhalte, die den Lernprozess bereichern sowie w\u00f6chentliche \u00dcbungsstunden.\" \/>\n<meta name=\"robots\" content=\"index, follow, max-snippet:-1, max-image-preview:large, max-video-preview:-1\" \/>\n<link rel=\"canonical\" href=\"https:\/\/tekkieuni.com\/de\/how-it-works\/\" \/>\n<meta property=\"og:locale\" content=\"de_DE\" \/>\n<meta property=\"og:type\" content=\"article\" \/>\n<meta property=\"og:title\" content=\"Unsere innovative Online-Lehrmethodik - Tekkie Uni\" \/>\n<meta property=\"og:description\" content=\"Wir bringen Ihre Kinder im Rahmen von Online-Unterricht, der Spa\u00df macht, in Kontakt mit zertifizierten Lehrern und einer Community. Das Programm bietet eine f\u00f6rdernde Umgebung, in der Kinder lernen und wachsen k\u00f6nnen. Diese umfasst Sch\u00fcler-Lehrer-Foren, Online-Inhalte, die den Lernprozess bereichern sowie w\u00f6chentliche \u00dcbungsstunden.\" \/>\n<meta property=\"og:url\" content=\"https:\/\/tekkieuni.com\/de\/how-it-works\/\" \/>\n<meta property=\"og:site_name\" content=\"TekkieUni - Coding for Kids\" \/>\n<meta property=\"article:publisher\" content=\"https:\/\/www.facebook.com\/TekkieUni\/\" \/>\n<meta property=\"article:modified_time\" content=\"2024-08-28T08:51:28+00:00\" \/>\n<meta name=\"twitter:card\" content=\"summary_large_image\" \/>\n<!-- \/ Yoast SEO plugin. -->","yoast_head_json":{"title":"Unsere innovative Online-Lehrmethodik - Tekkie Uni","description":"Wir bringen Ihre Kinder im Rahmen von Online-Unterricht, der Spa\u00df macht, in Kontakt mit zertifizierten Lehrern und einer Community. Das Programm bietet eine f\u00f6rdernde Umgebung, in der Kinder lernen und wachsen k\u00f6nnen. Diese umfasst Sch\u00fcler-Lehrer-Foren, Online-Inhalte, die den Lernprozess bereichern sowie w\u00f6chentliche \u00dcbungsstunden.","robots":{"index":"index","follow":"follow","max-snippet":"max-snippet:-1","max-image-preview":"max-image-preview:large","max-video-preview":"max-video-preview:-1"},"canonical":"https:\/\/tekkieuni.com\/de\/how-it-works\/","og_locale":"de_DE","og_type":"article","og_title":"Unsere innovative Online-Lehrmethodik - Tekkie Uni","og_description":"Wir bringen Ihre Kinder im Rahmen von Online-Unterricht, der Spa\u00df macht, in Kontakt mit zertifizierten Lehrern und einer Community. Das Programm bietet eine f\u00f6rdernde Umgebung, in der Kinder lernen und wachsen k\u00f6nnen. Diese umfasst Sch\u00fcler-Lehrer-Foren, Online-Inhalte, die den Lernprozess bereichern sowie w\u00f6chentliche \u00dcbungsstunden.","og_url":"https:\/\/tekkieuni.com\/de\/how-it-works\/","og_site_name":"TekkieUni - Coding for Kids","article_publisher":"https:\/\/www.facebook.com\/TekkieUni\/","article_modified_time":"2024-08-28T08:51:28+00:00","twitter_card":"summary_large_image","schema":{"@context":"https:\/\/schema.org","@graph":[{"@type":"WebPage","@id":"https:\/\/tekkieuni.com\/de\/how-it-works\/","url":"https:\/\/tekkieuni.com\/de\/how-it-works\/","name":"Unsere innovative Online-Lehrmethodik - Tekkie Uni","isPartOf":{"@id":"https:\/\/tekkieuni.com\/#website"},"datePublished":"2017-05-11T07:39:15+00:00","dateModified":"2024-08-28T08:51:28+00:00","description":"Wir bringen Ihre Kinder im Rahmen von Online-Unterricht, der Spa\u00df macht, in Kontakt mit zertifizierten Lehrern und einer Community. Das Programm bietet eine f\u00f6rdernde Umgebung, in der Kinder lernen und wachsen k\u00f6nnen. Diese umfasst Sch\u00fcler-Lehrer-Foren, Online-Inhalte, die den Lernprozess bereichern sowie w\u00f6chentliche \u00dcbungsstunden.","inLanguage":"de-DE","potentialAction":[{"@type":"ReadAction","target":["https:\/\/tekkieuni.com\/de\/how-it-works\/"]}]},{"@type":"WebSite","@id":"https:\/\/tekkieuni.com\/#website","url":"https:\/\/tekkieuni.com\/","name":"TekkieUni - Coding for Kids","description":"","potentialAction":[{"@type":"SearchAction","target":{"@type":"EntryPoint","urlTemplate":"https:\/\/tekkieuni.com\/?s={search_term_string}"},"query-input":{"@type":"PropertyValueSpecification","valueRequired":true,"valueName":"search_term_string"}}],"inLanguage":"de-DE"}]}},"jetpack_sharing_enabled":true,"_links":{"self":[{"href":"https:\/\/tekkieuni.com\/de\/wp-json\/wp\/v2\/pages\/10895","targetHints":{"allow":["GET"]}}],"collection":[{"href":"https:\/\/tekkieuni.com\/de\/wp-json\/wp\/v2\/pages"}],"about":[{"href":"https:\/\/tekkieuni.com\/de\/wp-json\/wp\/v2\/types\/page"}],"author":[{"embeddable":true,"href":"https:\/\/tekkieuni.com\/de\/wp-json\/wp\/v2\/users\/31"}],"replies":[{"embeddable":true,"href":"https:\/\/tekkieuni.com\/de\/wp-json\/wp\/v2\/comments?post=10895"}],"version-history":[{"count":0,"href":"https:\/\/tekkieuni.com\/de\/wp-json\/wp\/v2\/pages\/10895\/revisions"}],"wp:attachment":[{"href":"https:\/\/tekkieuni.com\/de\/wp-json\/wp\/v2\/media?parent=10895"}],"curies":[{"name":"wp","href":"https:\/\/api.w.org\/{rel}","templated":true}]}}