{"id":10929,"date":"2018-05-15T07:47:49","date_gmt":"2018-05-15T07:47:49","guid":{"rendered":"https:\/\/tekkieuni.com\/coppa-notice\/"},"modified":"2024-06-06T10:44:11","modified_gmt":"2024-06-06T10:44:11","slug":"coppa-notice","status":"publish","type":"page","link":"https:\/\/tekkieuni.com\/de\/privacy-policy\/coppa-notice\/","title":{"rendered":"COPPA"},"content":{"rendered":"<p><span style=\"text-decoration: underline;\"><strong>Einf\u00fchrung<\/strong><\/span><\/p>\n<p>&nbsp;<\/p>\n<p>Die eTeacher Ltd. (nachfolgend als \u201edas Unternehmen\u201c oder \u201ewir\u201c bezeichnet) ist Entwicklerin und Betreiberin von Tekkie Uni, einer e-Learning-Plattform im Internet, die Kindern die M\u00f6glichkeit bietet, sich durch spielerische, bereichernde Lernmethoden die Kompetenzen f\u00fcr die Zukunft anzueignen (der \u201eDienst\u201c).<\/p>\n<p>&nbsp;<\/p>\n<p>Diese Online-Erkl\u00e4rung beschreibt die Informationspraktiken des Dienstes hinsichtlich Daten, die \u00fcber in Online-Kursen des Dienstes angemeldete Kinder erfasst werden. Diese Erkl\u00e4rung wird Ihnen im Einklang mit dem US-Bundesgesetz zum Schutz der Privatsph\u00e4re von Kindern im Internet (Children`s Online Privacy Protection Act) bereitgestellt. Diese Erkl\u00e4rung gilt f\u00fcr Daten, die \u00fcber die Nutzung des Dienstes durch das Kind im Zusammenhang mit dem Kurs, in dem es angemeldet ist, und mit Kursen, in denen es m\u00f6glicherweise in der Zukunft angemeldet ist, erfasst werden.<\/p>\n<p>&nbsp;<\/p>\n<p><span style=\"text-decoration: underline;\"><strong>Betreiber, die personenbezogene Daten von Kindern \u00fcber den Dienst erfassen oder speichern<\/strong><\/span><\/p>\n<p>&nbsp;<\/p>\n<p>Nachfolgend werden die Betreiber aufgelistet, die uns beim internen Betrieb des Dienstes unterst\u00fctzen und dabei personenbezogene Daten der Kinder, die den Dienst nutzen, erfassen oder speichern:<\/p>\n<p>&nbsp;<\/p>\n<ol>\n<li>Cisco Systems, Inc.<\/li>\n<li>WhatsApp Inc.<\/li>\n<li>Amazon Web Services, Inc.<\/li>\n<li>Gerymoll S.A. \u2013 Telecom Networks<\/li>\n<li>Transcend Support<\/li>\n<li>Meister Labs GmbH<\/li>\n<li>Microsoft Corporation<\/li>\n<li>OwnCloud GmbH<\/li>\n<li>Intelitek, Inc.<\/li>\n<\/ol>\n<p>&nbsp;<\/p>\n<p>Falls Sie als Eltern Fragen bez\u00fcglich der Datenschutzerkl\u00e4rungen der Betreiber und der Verwendung der Daten der Kinder durch die Betreiber haben, kontaktieren Sie bitte eTeacher Ltd. unter der unten angegebenen Adresse, Telefonnummer oder E-Mail-Adresse.<\/p>\n<p>&nbsp;<\/p>\n<p>&nbsp;<\/p>\n<p><span style=\"text-decoration: underline;\"><strong>Daten, die wir \u00fcber Kinder erfassen, und Arten der Datenverwendung<\/strong><\/span><\/p>\n<p>&nbsp;<\/p>\n<p>Wir erfassen folgende Daten \u00fcber Kinder f\u00fcr die nachfolgend erl\u00e4uterten Zwecke:<\/p>\n<p>&nbsp;<\/p>\n<ul>\n<li>W\u00e4hrend unseres Einf\u00fchrungsgespr\u00e4chs mit dem Elternteil sprechen wir mit dessen Erlaubnis mit dem Kind, um Informationen \u00fcber Kenntnisse und F\u00e4higkeiten des Kindes zu erhalten und seine Eignung f\u00fcr ein bestimmtes Kursniveau zu beurteilen.<\/li>\n<\/ul>\n<p>&nbsp;<\/p>\n<ul>\n<li>Bei Reaktionen auf technische oder Kundensupport-Anfragen des Kindes erfassen wir m\u00f6glicherweise Daten (etwa seinen Vor- und Nachnamen), um das Kind als registrierten Teilnehmer zu identifizieren, sowie technische Daten bez\u00fcglich des Ger\u00e4ts, welches das Kind bei der Interaktion mit dem Dienst verwendet. Diese Daten umfassen m\u00f6glicherweise den Ger\u00e4tetyp und das Betriebssystem sowie die IP-Adresse des Ger\u00e4ts. Diese Daten werden zum Zweck des technischen Supports, des internen Betriebs und der Verwaltung des Dienstes verwendet.<\/li>\n<\/ul>\n<p>&nbsp;<\/p>\n<ul>\n<li>Wir verwenden Cookies und andere dauerhafte Identifikatoren, um das Kind als registrierten Teilnehmer des Dienstes zu identifizieren.<\/li>\n<\/ul>\n<p>&nbsp;<\/p>\n<ul>\n<li>Wenn das Kind sich bei einer Online-Lektion einloggt, wird es zur Eingabe einer E-Mail-Adresse aufgefordert. Die E-Mail-Adresse wird ausschlie\u00dflich zum Zweck des internen Betriebs und der Verwaltung des Dienstes verwendet.<\/li>\n<\/ul>\n<p>&nbsp;<\/p>\n<ul>\n<li>Wenn das Kind sich bei einer Online-Lektion einloggt, wird es zur Angabe eines Namens oder Benutzernamens aufgefordert. Der eingegebene Name oder Benutzername wird w\u00e4hrend der Lektion allen anderen Teilnehmern der Lektion angezeigt und ist in der Aufzeichnung der Lektion zu sehen.<\/li>\n<\/ul>\n<p>&nbsp;<\/p>\n<ul>\n<li>Das Kind kann auf Wunsch Chatmitteilungen in der Chatumgebung einer Lektion eingeben, die allen anderen Teilnehmern der Lektion w\u00e4hrend der Lektion angezeigt werden. Wenn das Kind w\u00e4hrend einer Lektion spricht, kann alles, was es sagt, von allen anderen Teilnehmern der Lektion geh\u00f6rt werden und in der Aufzeichnung der Lektion erfasst werden.<\/li>\n<\/ul>\n<p>&nbsp;<\/p>\n<ul>\n<li>Wenn das Kind seine Kursarbeit w\u00e4hrend einer Lektion pr\u00e4sentiert, werden seine Webcam-Aufnahmen oder sein freigegebener Bildschirm allen anderen Teilnehmern der Lektion gezeigt und im Video der Lektion aufgezeichnet.<\/li>\n<\/ul>\n<p>&nbsp;<\/p>\n<ul>\n<li>Auf Wunsch des Kindes kann es ein Profilbild zu seiner Profilseite innerhalb des Dienstes hinzuf\u00fcgen. Das Bild wird ausschlie\u00dflich zum Zweck der Pflege der Profilseite des Kindes verwendet. Als Elternteil k\u00f6nnen Sie in Ihrem Dashboard Privatsph\u00e4re-Einstellungen unseres Learning Management System (LMS) die Option des Profilbild-Uploads f\u00fcr Ihr Kind sperren.<\/li>\n<\/ul>\n<p>&nbsp;<\/p>\n<ul>\n<li>Das Kind erh\u00e4lt die E-Mail-Adresse und Telefonnummer des Kursleiters. Wenn das Kind mit dem Kursleiter kommuniziert, kann es auf Wunsch pers\u00f6nliche Angaben \u00fcber sich mitteilen. Diese Informationen dienen ausschlie\u00dflich der Vermittlung von Kursinhalten und der Kursverwaltung.<\/li>\n<\/ul>\n<p>&nbsp;<\/p>\n<ul>\n<li>Informationen bez\u00fcglich der Anwesenheit des Kindes im Kurs sowie der Betrachtung der Kursmaterialien durch das Kind. Diese Informationen dienen ausschlie\u00dflich der Vermittlung von Kursinhalten und der Kursverwaltung.<\/li>\n<\/ul>\n<p>&nbsp;<\/p>\n<p>&nbsp;<\/p>\n<p><span style=\"text-decoration: underline;\"><strong>M\u00f6glichkeiten des Kindes, personenbezogene Daten \u00f6ffentlich zug\u00e4nglich zu machen<\/strong><\/span><\/p>\n<p>&nbsp;<\/p>\n<p>&nbsp;<\/p>\n<p>Das Kind kann anderen Kursteilnehmern folgende personenbezogene Daten zug\u00e4nglich machen:<\/p>\n<p>&nbsp;<\/p>\n<ul>\n<li>Den Namen des Kindes, seine Chatnachrichten, Webcam-Aufnahmen, seinen freigegebenen Bildschirm und Sprachaufnahmen, wie oben erl\u00e4utert. Diese Daten werden allen Teilnehmern der Lektion sowohl w\u00e4hrend der Lektion als auch durch Zugriff auf die Aufzeichnung der Lektion nach der Lektion weitergegeben.<\/li>\n<\/ul>\n<p>&nbsp;<\/p>\n<ul>\n<li>Das im Dienst zum Profil des Kindes hinzugef\u00fcgte Profilbild (falls nicht gesperrt \u00fcber das Eltern-Dashboard Privatsph\u00e4re-Einstellungen).<\/li>\n<\/ul>\n<p>&nbsp;<\/p>\n<ul>\n<li>Vom Kind in die gemeinsame Programmier-Umgebung des Kurses hochgeladene Dateien.<\/li>\n<\/ul>\n<p>&nbsp;<\/p>\n<ul>\n<li>Vom Kind erstellte Mindmaps.<\/li>\n<\/ul>\n<p>&nbsp;<\/p>\n<p><span style=\"text-decoration: underline;\"><strong>Weitergabe von \u00fcber das Kind erfassten Daten<\/strong><\/span><\/p>\n<p>&nbsp;<\/p>\n<p>&nbsp;<\/p>\n<p>Die im Abschnitt \u201eM\u00f6glichkeiten des Kindes, personenbezogene Daten \u00f6ffentlich zug\u00e4nglich zu machen\u201c genannten Daten werden an die anderen Kursteilnehmer weitergegeben.<\/p>\n<p>&nbsp;<\/p>\n<p>&nbsp;<\/p>\n<p><span style=\"text-decoration: underline;\"><strong>Rechte der Eltern hinsichtlich der von uns \u00fcber das Kind erfassten Daten<\/strong><\/span><\/p>\n<p>&nbsp;<\/p>\n<p>&nbsp;<\/p>\n<p>Als Elternteil haben Sie das Recht, die personenbezogenen Daten Ihres Kindes zu \u00fcberpr\u00fcfen und zu l\u00f6schen. Sie haben au\u00dferdem das Recht, die zuk\u00fcnftige Erfassung von Daten Ihres Kindes abzulehnen. In diesem Fall entfernen wir Ihr Kind aus dem Kurs und sperren dessen Teilnahme am Kurs.<\/p>\n<p>&nbsp;<\/p>\n<p>Um eines dieser Rechte auszu\u00fcben, kontaktieren Sie uns bitte \u00fcber einen der nachfolgend genannten Kan\u00e4le.<\/p>\n<p>&nbsp;<\/p>\n<p>&nbsp;<\/p>\n<p><span style=\"text-decoration: underline;\"><strong>Kontakt<\/strong><\/span><\/p>\n<p>&nbsp;<\/p>\n<p>&nbsp;<\/p>\n<p>Sie erreichen uns unter: <u><a href=\"mailto:privacy@eteachergroup.com\">privacy@eteachergroup.com<\/a><\/u> oder telefonisch unter +1-800-316-3783.<\/p>\n<p>&nbsp;<\/p>\n<p>&nbsp;<\/p>\n<p><strong>Datum des Inkrafttretens dieser Erkl\u00e4rung<\/strong>: <strong>Februar 2018<\/strong><\/p>\n","protected":false},"excerpt":{"rendered":"<p>Einf\u00fchrung &nbsp; Die eTeacher Ltd. (nachfolgend als \u201edas Unternehmen\u201c oder \u201ewir\u201c bezeichnet) ist Entwicklerin und Betreiberin von Tekkie Uni, einer e-Learning-Plattform im Internet, die Kindern die M\u00f6glichkeit bietet, sich durch spielerische, bereichernde Lernmethoden die Kompetenzen f\u00fcr die Zukunft anzueignen (der \u201eDienst\u201c). &nbsp; Diese Online-Erkl\u00e4rung beschreibt die Informationspraktiken des Dienstes hinsichtlich Daten, die \u00fcber in Online-Kursen [&hellip;]<\/p>\n","protected":false},"author":31,"featured_media":0,"parent":11197,"menu_order":0,"comment_status":"closed","ping_status":"closed","template":"","meta":{"_acf_changed":false,"inline_featured_image":false,"footnotes":""},"class_list":["post-10929","page","type-page","status-publish","hentry"],"acf":[],"yoast_head":"<!-- This site is optimized with the Yoast SEO plugin v25.0 - https:\/\/yoast.com\/wordpress\/plugins\/seo\/ -->\n<title>Schutz der Privatsph\u00e4re von Kindern im Internet - Tekkie Uni<\/title>\n<meta name=\"description\" content=\"Im COPPA (Gesetz zum Schutz der Privatsph\u00e4re von Kindern im Internet) werden bestimmte Auflagen f\u00fcr Betreiber von Websites und Anbieter von Onlinedienstleistungen, die sich an Kinder unter 13 Jahren richten, festgelegt. Dies betrifft auch alle anderen Websites oder Online-Dienstleister, die unmittelbare Kenntnis dar\u00fcber haben, dass sie online pers\u00f6nliche Daten von einem Kind unter 13 Jahren sammeln.\" \/>\n<meta name=\"robots\" content=\"index, follow, max-snippet:-1, max-image-preview:large, max-video-preview:-1\" \/>\n<link rel=\"canonical\" href=\"https:\/\/tekkieuni.com\/de\/privacy-policy\/coppa-notice\/\" \/>\n<meta property=\"og:locale\" content=\"de_DE\" \/>\n<meta property=\"og:type\" content=\"article\" \/>\n<meta property=\"og:title\" content=\"Schutz der Privatsph\u00e4re von Kindern im Internet - Tekkie Uni\" \/>\n<meta property=\"og:description\" content=\"Im COPPA (Gesetz zum Schutz der Privatsph\u00e4re von Kindern im Internet) werden bestimmte Auflagen f\u00fcr Betreiber von Websites und Anbieter von Onlinedienstleistungen, die sich an Kinder unter 13 Jahren richten, festgelegt. Dies betrifft auch alle anderen Websites oder Online-Dienstleister, die unmittelbare Kenntnis dar\u00fcber haben, dass sie online pers\u00f6nliche Daten von einem Kind unter 13 Jahren sammeln.\" \/>\n<meta property=\"og:url\" content=\"https:\/\/tekkieuni.com\/de\/privacy-policy\/coppa-notice\/\" \/>\n<meta property=\"og:site_name\" content=\"TekkieUni - Coding for Kids\" \/>\n<meta property=\"article:publisher\" content=\"https:\/\/www.facebook.com\/TekkieUni\/\" \/>\n<meta property=\"article:modified_time\" content=\"2024-06-06T10:44:11+00:00\" \/>\n<meta name=\"twitter:card\" content=\"summary_large_image\" \/>\n<meta name=\"twitter:label1\" content=\"Gesch\u00e4tzte Lesezeit\" \/>\n\t<meta name=\"twitter:data1\" content=\"4 Minuten\" \/>\n<!-- \/ Yoast SEO plugin. -->","yoast_head_json":{"title":"Schutz der Privatsph\u00e4re von Kindern im Internet - Tekkie Uni","description":"Im COPPA (Gesetz zum Schutz der Privatsph\u00e4re von Kindern im Internet) werden bestimmte Auflagen f\u00fcr Betreiber von Websites und Anbieter von Onlinedienstleistungen, die sich an Kinder unter 13 Jahren richten, festgelegt. Dies betrifft auch alle anderen Websites oder Online-Dienstleister, die unmittelbare Kenntnis dar\u00fcber haben, dass sie online pers\u00f6nliche Daten von einem Kind unter 13 Jahren sammeln.","robots":{"index":"index","follow":"follow","max-snippet":"max-snippet:-1","max-image-preview":"max-image-preview:large","max-video-preview":"max-video-preview:-1"},"canonical":"https:\/\/tekkieuni.com\/de\/privacy-policy\/coppa-notice\/","og_locale":"de_DE","og_type":"article","og_title":"Schutz der Privatsph\u00e4re von Kindern im Internet - Tekkie Uni","og_description":"Im COPPA (Gesetz zum Schutz der Privatsph\u00e4re von Kindern im Internet) werden bestimmte Auflagen f\u00fcr Betreiber von Websites und Anbieter von Onlinedienstleistungen, die sich an Kinder unter 13 Jahren richten, festgelegt. Dies betrifft auch alle anderen Websites oder Online-Dienstleister, die unmittelbare Kenntnis dar\u00fcber haben, dass sie online pers\u00f6nliche Daten von einem Kind unter 13 Jahren sammeln.","og_url":"https:\/\/tekkieuni.com\/de\/privacy-policy\/coppa-notice\/","og_site_name":"TekkieUni - Coding for Kids","article_publisher":"https:\/\/www.facebook.com\/TekkieUni\/","article_modified_time":"2024-06-06T10:44:11+00:00","twitter_card":"summary_large_image","twitter_misc":{"Gesch\u00e4tzte Lesezeit":"4 Minuten"},"schema":{"@context":"https:\/\/schema.org","@graph":[{"@type":"WebPage","@id":"https:\/\/tekkieuni.com\/de\/privacy-policy\/coppa-notice\/","url":"https:\/\/tekkieuni.com\/de\/privacy-policy\/coppa-notice\/","name":"Schutz der Privatsph\u00e4re von Kindern im Internet - Tekkie Uni","isPartOf":{"@id":"https:\/\/tekkieuni.com\/#website"},"datePublished":"2018-05-15T07:47:49+00:00","dateModified":"2024-06-06T10:44:11+00:00","description":"Im COPPA (Gesetz zum Schutz der Privatsph\u00e4re von Kindern im Internet) werden bestimmte Auflagen f\u00fcr Betreiber von Websites und Anbieter von Onlinedienstleistungen, die sich an Kinder unter 13 Jahren richten, festgelegt. Dies betrifft auch alle anderen Websites oder Online-Dienstleister, die unmittelbare Kenntnis dar\u00fcber haben, dass sie online pers\u00f6nliche Daten von einem Kind unter 13 Jahren sammeln.","breadcrumb":{"@id":"https:\/\/tekkieuni.com\/de\/privacy-policy\/coppa-notice\/#breadcrumb"},"inLanguage":"de-DE","potentialAction":[{"@type":"ReadAction","target":["https:\/\/tekkieuni.com\/de\/privacy-policy\/coppa-notice\/"]}]},{"@type":"BreadcrumbList","@id":"https:\/\/tekkieuni.com\/de\/privacy-policy\/coppa-notice\/#breadcrumb","itemListElement":[{"@type":"ListItem","position":1,"name":"Datenschutzerkl\u00e4rung","item":"https:\/\/tekkieuni.com\/de\/privacy-policy\/"},{"@type":"ListItem","position":2,"name":"COPPA"}]},{"@type":"WebSite","@id":"https:\/\/tekkieuni.com\/#website","url":"https:\/\/tekkieuni.com\/","name":"TekkieUni - Coding for Kids","description":"","potentialAction":[{"@type":"SearchAction","target":{"@type":"EntryPoint","urlTemplate":"https:\/\/tekkieuni.com\/?s={search_term_string}"},"query-input":{"@type":"PropertyValueSpecification","valueRequired":true,"valueName":"search_term_string"}}],"inLanguage":"de-DE"}]}},"jetpack_sharing_enabled":true,"_links":{"self":[{"href":"https:\/\/tekkieuni.com\/de\/wp-json\/wp\/v2\/pages\/10929","targetHints":{"allow":["GET"]}}],"collection":[{"href":"https:\/\/tekkieuni.com\/de\/wp-json\/wp\/v2\/pages"}],"about":[{"href":"https:\/\/tekkieuni.com\/de\/wp-json\/wp\/v2\/types\/page"}],"author":[{"embeddable":true,"href":"https:\/\/tekkieuni.com\/de\/wp-json\/wp\/v2\/users\/31"}],"replies":[{"embeddable":true,"href":"https:\/\/tekkieuni.com\/de\/wp-json\/wp\/v2\/comments?post=10929"}],"version-history":[{"count":0,"href":"https:\/\/tekkieuni.com\/de\/wp-json\/wp\/v2\/pages\/10929\/revisions"}],"up":[{"embeddable":true,"href":"https:\/\/tekkieuni.com\/de\/wp-json\/wp\/v2\/pages\/11197"}],"wp:attachment":[{"href":"https:\/\/tekkieuni.com\/de\/wp-json\/wp\/v2\/media?parent=10929"}],"curies":[{"name":"wp","href":"https:\/\/api.w.org\/{rel}","templated":true}]}}