{"id":10979,"date":"2017-04-12T16:16:34","date_gmt":"2017-04-12T16:16:34","guid":{"rendered":"https:\/\/tekkieuni.com\/home\/"},"modified":"2020-08-21T08:25:33","modified_gmt":"2020-08-21T08:25:33","slug":"home","status":"publish","type":"page","link":"https:\/\/tekkieuni.com\/de\/home\/","title":{"rendered":"Startseite"},"content":{"rendered":"","protected":false},"excerpt":{"rendered":"","protected":false},"author":23,"featured_media":0,"parent":0,"menu_order":0,"comment_status":"closed","ping_status":"closed","template":"templates\/page-home-video.php","meta":{"_acf_changed":false,"inline_featured_image":false,"footnotes":""},"class_list":["post-10979","page","type-page","status-publish","hentry"],"acf":[],"yoast_head":"<!-- This site is optimized with the Yoast SEO plugin v25.0 - https:\/\/yoast.com\/wordpress\/plugins\/seo\/ -->\n<title>Programmieren f\u00fcr Kinder - TekkieUni | App-Entwicklung, Scratch, Robotik und mehr<\/title>\n<meta name=\"description\" content=\"Wir unterrichten Kinder im Programmieren, indem wir sie dazu motivieren, ihre Vorstellungskraft einzusetzen, um das Spiel oder die App zu erstellen, die sie schon immer machen wollten. Wir bei Tekkie Uni glauben, dass Kinder dann am meisten lernen, wenn sie Spa\u00df haben. Unsere Sch\u00fcler freuen sich stets auf ihre n\u00e4chste Unterrichtsstunde.\" \/>\n<meta name=\"robots\" content=\"index, follow, max-snippet:-1, max-image-preview:large, max-video-preview:-1\" \/>\n<link rel=\"canonical\" href=\"https:\/\/tekkieuni.com\/de\/home\/\" \/>\n<meta property=\"og:locale\" content=\"de_DE\" \/>\n<meta property=\"og:type\" content=\"article\" \/>\n<meta property=\"og:title\" content=\"Programmieren f\u00fcr Kinder - TekkieUni | App-Entwicklung, Scratch, Robotik und mehr\" \/>\n<meta property=\"og:description\" content=\"Wir unterrichten Kinder im Programmieren, indem wir sie dazu motivieren, ihre Vorstellungskraft einzusetzen, um das Spiel oder die App zu erstellen, die sie schon immer machen wollten. Wir bei Tekkie Uni glauben, dass Kinder dann am meisten lernen, wenn sie Spa\u00df haben. Unsere Sch\u00fcler freuen sich stets auf ihre n\u00e4chste Unterrichtsstunde.\" \/>\n<meta property=\"og:url\" content=\"https:\/\/tekkieuni.com\/de\/home\/\" \/>\n<meta property=\"og:site_name\" content=\"TekkieUni - Coding for Kids\" \/>\n<meta property=\"article:publisher\" content=\"https:\/\/www.facebook.com\/TekkieUni\/\" \/>\n<meta property=\"article:modified_time\" content=\"2020-08-21T08:25:33+00:00\" \/>\n<meta name=\"twitter:card\" content=\"summary_large_image\" \/>\n<!-- \/ Yoast SEO plugin. -->","yoast_head_json":{"title":"Programmieren f\u00fcr Kinder - TekkieUni | App-Entwicklung, Scratch, Robotik und mehr","description":"Wir unterrichten Kinder im Programmieren, indem wir sie dazu motivieren, ihre Vorstellungskraft einzusetzen, um das Spiel oder die App zu erstellen, die sie schon immer machen wollten. Wir bei Tekkie Uni glauben, dass Kinder dann am meisten lernen, wenn sie Spa\u00df haben. Unsere Sch\u00fcler freuen sich stets auf ihre n\u00e4chste Unterrichtsstunde.","robots":{"index":"index","follow":"follow","max-snippet":"max-snippet:-1","max-image-preview":"max-image-preview:large","max-video-preview":"max-video-preview:-1"},"canonical":"https:\/\/tekkieuni.com\/de\/home\/","og_locale":"de_DE","og_type":"article","og_title":"Programmieren f\u00fcr Kinder - TekkieUni | App-Entwicklung, Scratch, Robotik und mehr","og_description":"Wir unterrichten Kinder im Programmieren, indem wir sie dazu motivieren, ihre Vorstellungskraft einzusetzen, um das Spiel oder die App zu erstellen, die sie schon immer machen wollten. Wir bei Tekkie Uni glauben, dass Kinder dann am meisten lernen, wenn sie Spa\u00df haben. Unsere Sch\u00fcler freuen sich stets auf ihre n\u00e4chste Unterrichtsstunde.","og_url":"https:\/\/tekkieuni.com\/de\/home\/","og_site_name":"TekkieUni - Coding for Kids","article_publisher":"https:\/\/www.facebook.com\/TekkieUni\/","article_modified_time":"2020-08-21T08:25:33+00:00","twitter_card":"summary_large_image","schema":{"@context":"https:\/\/schema.org","@graph":[{"@type":"WebPage","@id":"https:\/\/tekkieuni.com\/de\/home\/","url":"https:\/\/tekkieuni.com\/de\/home\/","name":"Programmieren f\u00fcr Kinder - TekkieUni | App-Entwicklung, Scratch, Robotik und mehr","isPartOf":{"@id":"https:\/\/tekkieuni.com\/#website"},"datePublished":"2017-04-12T16:16:34+00:00","dateModified":"2020-08-21T08:25:33+00:00","description":"Wir unterrichten Kinder im Programmieren, indem wir sie dazu motivieren, ihre Vorstellungskraft einzusetzen, um das Spiel oder die App zu erstellen, die sie schon immer machen wollten. Wir bei Tekkie Uni glauben, dass Kinder dann am meisten lernen, wenn sie Spa\u00df haben. Unsere Sch\u00fcler freuen sich stets auf ihre n\u00e4chste Unterrichtsstunde.","inLanguage":"de-DE","potentialAction":[{"@type":"ReadAction","target":["https:\/\/tekkieuni.com\/de\/home\/"]}]},{"@type":"WebSite","@id":"https:\/\/tekkieuni.com\/#website","url":"https:\/\/tekkieuni.com\/","name":"TekkieUni - Coding for Kids","description":"","potentialAction":[{"@type":"SearchAction","target":{"@type":"EntryPoint","urlTemplate":"https:\/\/tekkieuni.com\/?s={search_term_string}"},"query-input":{"@type":"PropertyValueSpecification","valueRequired":true,"valueName":"search_term_string"}}],"inLanguage":"de-DE"}]}},"jetpack_sharing_enabled":true,"_links":{"self":[{"href":"https:\/\/tekkieuni.com\/de\/wp-json\/wp\/v2\/pages\/10979","targetHints":{"allow":["GET"]}}],"collection":[{"href":"https:\/\/tekkieuni.com\/de\/wp-json\/wp\/v2\/pages"}],"about":[{"href":"https:\/\/tekkieuni.com\/de\/wp-json\/wp\/v2\/types\/page"}],"author":[{"embeddable":true,"href":"https:\/\/tekkieuni.com\/de\/wp-json\/wp\/v2\/users\/23"}],"replies":[{"embeddable":true,"href":"https:\/\/tekkieuni.com\/de\/wp-json\/wp\/v2\/comments?post=10979"}],"version-history":[{"count":0,"href":"https:\/\/tekkieuni.com\/de\/wp-json\/wp\/v2\/pages\/10979\/revisions"}],"wp:attachment":[{"href":"https:\/\/tekkieuni.com\/de\/wp-json\/wp\/v2\/media?parent=10979"}],"curies":[{"name":"wp","href":"https:\/\/api.w.org\/{rel}","templated":true}]}}