{"id":11003,"date":"2017-06-11T10:48:59","date_gmt":"2017-06-11T10:48:59","guid":{"rendered":"https:\/\/tekkieuni.com\/reviews\/"},"modified":"2019-06-26T14:03:28","modified_gmt":"2019-06-26T14:03:28","slug":"reviews","status":"publish","type":"page","link":"https:\/\/tekkieuni.com\/de\/reviews\/","title":{"rendered":"Bewertungen"},"content":{"rendered":"","protected":false},"excerpt":{"rendered":"","protected":false},"author":31,"featured_media":0,"parent":0,"menu_order":0,"comment_status":"closed","ping_status":"closed","template":"templates\/page-reviews.php","meta":{"_acf_changed":false,"inline_featured_image":false,"footnotes":""},"class_list":["post-11003","page","type-page","status-publish","hentry"],"acf":[],"yoast_head":"<!-- This site is optimized with the Yoast SEO plugin v25.0 - https:\/\/yoast.com\/wordpress\/plugins\/seo\/ -->\n<title>Tekkie Uni Sch\u00fclererfahrungsberichte - H\u00f6ren Sie sich an, was sie zu sagen haben!<\/title>\n<meta name=\"description\" content=\"Sch\u00fcler der Tekkie Uni posten Berichte \u00fcber die einzigartigen Erfahrungen, die sie mit den verschiedenen von uns angebotenen Kursen gemacht haben. Nehmen Sie uns nicht beim Wort, sondern h\u00f6ren Sie sich an, was unsere Sch\u00fcler zu sagen haben. Erfahren Sie etwas \u00fcber die Gedanken von Absolventen, die sich t\u00e4glich mit Spielen und dem Programmieren besch\u00e4ftigen.\" \/>\n<meta name=\"robots\" content=\"index, follow, max-snippet:-1, max-image-preview:large, max-video-preview:-1\" \/>\n<link rel=\"canonical\" href=\"https:\/\/tekkieuni.com\/de\/reviews\/\" \/>\n<meta property=\"og:locale\" content=\"de_DE\" \/>\n<meta property=\"og:type\" content=\"article\" \/>\n<meta property=\"og:title\" content=\"Tekkie Uni Sch\u00fclererfahrungsberichte - H\u00f6ren Sie sich an, was sie zu sagen haben!\" \/>\n<meta property=\"og:description\" content=\"Sch\u00fcler der Tekkie Uni posten Berichte \u00fcber die einzigartigen Erfahrungen, die sie mit den verschiedenen von uns angebotenen Kursen gemacht haben. Nehmen Sie uns nicht beim Wort, sondern h\u00f6ren Sie sich an, was unsere Sch\u00fcler zu sagen haben. Erfahren Sie etwas \u00fcber die Gedanken von Absolventen, die sich t\u00e4glich mit Spielen und dem Programmieren besch\u00e4ftigen.\" \/>\n<meta property=\"og:url\" content=\"https:\/\/tekkieuni.com\/de\/reviews\/\" \/>\n<meta property=\"og:site_name\" content=\"TekkieUni - Coding for Kids\" \/>\n<meta property=\"article:publisher\" content=\"https:\/\/www.facebook.com\/TekkieUni\/\" \/>\n<meta property=\"article:modified_time\" content=\"2019-06-26T14:03:28+00:00\" \/>\n<meta name=\"twitter:card\" content=\"summary_large_image\" \/>\n<!-- \/ Yoast SEO plugin. -->","yoast_head_json":{"title":"Tekkie Uni Sch\u00fclererfahrungsberichte - H\u00f6ren Sie sich an, was sie zu sagen haben!","description":"Sch\u00fcler der Tekkie Uni posten Berichte \u00fcber die einzigartigen Erfahrungen, die sie mit den verschiedenen von uns angebotenen Kursen gemacht haben. Nehmen Sie uns nicht beim Wort, sondern h\u00f6ren Sie sich an, was unsere Sch\u00fcler zu sagen haben. Erfahren Sie etwas \u00fcber die Gedanken von Absolventen, die sich t\u00e4glich mit Spielen und dem Programmieren besch\u00e4ftigen.","robots":{"index":"index","follow":"follow","max-snippet":"max-snippet:-1","max-image-preview":"max-image-preview:large","max-video-preview":"max-video-preview:-1"},"canonical":"https:\/\/tekkieuni.com\/de\/reviews\/","og_locale":"de_DE","og_type":"article","og_title":"Tekkie Uni Sch\u00fclererfahrungsberichte - H\u00f6ren Sie sich an, was sie zu sagen haben!","og_description":"Sch\u00fcler der Tekkie Uni posten Berichte \u00fcber die einzigartigen Erfahrungen, die sie mit den verschiedenen von uns angebotenen Kursen gemacht haben. Nehmen Sie uns nicht beim Wort, sondern h\u00f6ren Sie sich an, was unsere Sch\u00fcler zu sagen haben. Erfahren Sie etwas \u00fcber die Gedanken von Absolventen, die sich t\u00e4glich mit Spielen und dem Programmieren besch\u00e4ftigen.","og_url":"https:\/\/tekkieuni.com\/de\/reviews\/","og_site_name":"TekkieUni - Coding for Kids","article_publisher":"https:\/\/www.facebook.com\/TekkieUni\/","article_modified_time":"2019-06-26T14:03:28+00:00","twitter_card":"summary_large_image","schema":{"@context":"https:\/\/schema.org","@graph":[{"@type":"WebPage","@id":"https:\/\/tekkieuni.com\/de\/reviews\/","url":"https:\/\/tekkieuni.com\/de\/reviews\/","name":"Tekkie Uni Sch\u00fclererfahrungsberichte - H\u00f6ren Sie sich an, was sie zu sagen haben!","isPartOf":{"@id":"https:\/\/tekkieuni.com\/#website"},"datePublished":"2017-06-11T10:48:59+00:00","dateModified":"2019-06-26T14:03:28+00:00","description":"Sch\u00fcler der Tekkie Uni posten Berichte \u00fcber die einzigartigen Erfahrungen, die sie mit den verschiedenen von uns angebotenen Kursen gemacht haben. Nehmen Sie uns nicht beim Wort, sondern h\u00f6ren Sie sich an, was unsere Sch\u00fcler zu sagen haben. Erfahren Sie etwas \u00fcber die Gedanken von Absolventen, die sich t\u00e4glich mit Spielen und dem Programmieren besch\u00e4ftigen.","inLanguage":"de-DE","potentialAction":[{"@type":"ReadAction","target":["https:\/\/tekkieuni.com\/de\/reviews\/"]}]},{"@type":"WebSite","@id":"https:\/\/tekkieuni.com\/#website","url":"https:\/\/tekkieuni.com\/","name":"TekkieUni - Coding for Kids","description":"","potentialAction":[{"@type":"SearchAction","target":{"@type":"EntryPoint","urlTemplate":"https:\/\/tekkieuni.com\/?s={search_term_string}"},"query-input":{"@type":"PropertyValueSpecification","valueRequired":true,"valueName":"search_term_string"}}],"inLanguage":"de-DE"}]}},"jetpack_sharing_enabled":true,"_links":{"self":[{"href":"https:\/\/tekkieuni.com\/de\/wp-json\/wp\/v2\/pages\/11003","targetHints":{"allow":["GET"]}}],"collection":[{"href":"https:\/\/tekkieuni.com\/de\/wp-json\/wp\/v2\/pages"}],"about":[{"href":"https:\/\/tekkieuni.com\/de\/wp-json\/wp\/v2\/types\/page"}],"author":[{"embeddable":true,"href":"https:\/\/tekkieuni.com\/de\/wp-json\/wp\/v2\/users\/31"}],"replies":[{"embeddable":true,"href":"https:\/\/tekkieuni.com\/de\/wp-json\/wp\/v2\/comments?post=11003"}],"version-history":[{"count":0,"href":"https:\/\/tekkieuni.com\/de\/wp-json\/wp\/v2\/pages\/11003\/revisions"}],"wp:attachment":[{"href":"https:\/\/tekkieuni.com\/de\/wp-json\/wp\/v2\/media?parent=11003"}],"curies":[{"name":"wp","href":"https:\/\/api.w.org\/{rel}","templated":true}]}}