{"id":11197,"date":"2019-06-09T16:10:40","date_gmt":"2019-06-09T16:10:40","guid":{"rendered":"https:\/\/tekkieuni.com\/?page_id=11197"},"modified":"2019-06-12T14:04:35","modified_gmt":"2019-06-12T14:04:35","slug":"privacy-policy","status":"publish","type":"page","link":"https:\/\/tekkieuni.com\/de\/privacy-policy\/","title":{"rendered":"Datenschutzerkl\u00e4rung"},"content":{"rendered":"<p><a href=\"https:\/\/tekkieuni.com\/de\/privacy-policy\/coppa-notice\/\">Klicken Sie hier,<\/a> um unsere Erkl\u00e4rung gem\u00e4\u00df dem US-Bundesgesetz zum Schutz der Privatsph\u00e4re von Kindern im Internet <strong>(Children`s Online Privacy Protection Act, COPPA)<\/strong><\/p>\n<p>&nbsp;<\/p>\n<p>zu lesen Dieses Dokument enth\u00e4lt Informationen zu den Datenschutzrichtlinien der Webseite des Technological Leadership Development Center (www.tekkieuni.com). Dieses Dokument hat den Zweck, zu erl\u00e4utern, welche Unternehmenspraktiken sich auf den Schutz der Daten der Nutzer der Webseite auswirken und wie das Unternehmen die von den Nutzern der Webseite \u00fcbermittelten oder w\u00e4hrend der Nutzung der Webseite erfassten Daten verwendet. Bitte nehmen Sie sich einige Minuten Zeit und lesen Sie die nachfolgende Best\u00e4tigung, um sicherzustellen, dass Sie unserer Datenschutzerkl\u00e4rung zustimmen.Die Nutzung dieser zum Technological Leadership Development Center geh\u00f6renden Webseite setzt Ihre Zustimmung zu allen hier genannten Nutzungsbedingungen, Hinweisen und Einschr\u00e4nkungen. Die Nutzung dieser Webseite gilt als Ihre Zustimmung zu allen diesen Nutzungsbedingungen, Hinweisen und Einschr\u00e4nkungen.<\/p>\n<p>&nbsp;<\/p>\n<p><strong>ART DER ERFASSTEN INFORMATIONENW<\/strong><\/p>\n<p>\u00e4hrend Ihrer Nutzung unserer Webseite werden Sie m\u00f6glicherweise gebeten, Ihre Kontaktdaten zu hinterlassen. Dies dient dem Zweck, Sie bez\u00fcglich unserer Dienste und\/oder Produkte, die auf der Webseite angeboten werden, zu identifizieren oder zu kontaktieren. Das Unternehmen bittet Sie ausschlie\u00dflich um die \u00dcbermittlung von Informationen, die direkt erforderlich sind, um Ihnen die Dienste anbieten zu k\u00f6nnen. Diese umfassen einige oder alle der folgenden Angaben: Vor- und Nachname, Wohnort, E-Mail-Adresse und Telefonnummer. Sie sind nicht gesetzlich verpflichtet, uns diese Daten zu \u00fcbermitteln, k\u00f6nnen allerdings ohne deren \u00dcbermittlung einige unserer Dienste nicht nutzen.<\/p>\n<p>Die Daten, die Sie bei der Registrierung \u00fcbermitteln, werden in den Datenarchiven von eTeacher gespeichert.Wir geben keine Daten an Dritte weiter, sofern Sie uns dies nicht erlaubt haben. Au\u00dfer Ihren personenbezogenen Daten erfassen wir w\u00e4hrend Ihrer Nutzung unserer Webseite zus\u00e4tzliche statistische Informationen, die nicht direkt durch Sie \u00fcbermittelt werden. Beispiele f\u00fcr diese Daten sind Ihr Browsertyp, Ihre IP-Adresse und die URL, nach der Sie gesucht haben. Diese Informationen erm\u00f6glichen nicht Ihre Identifizierung und werden nicht gemeinsam mit Ihren personenbezogenen Daten gespeichert.<\/p>\n<p>&nbsp;<\/p>\n<p><strong>VERWENDUNG PERSONENBEZOGENER DATEN<\/strong><\/p>\n<p>Die Verwendung der auf der Webseite erfassten Daten erfolgt in \u00dcbereinstimmung mit dieser Datenschutzerkl\u00e4rung, um die Nutzung der Dienste der Webseite und der darauf angebotenen Produkte zu erm\u00f6glichen. Das Unternehmen ist berechtigt, Daten unter anderem in Bezug auf Ihren Browsertyp und Ihre IP-Adresse zu nutzen, um seine Dienste zu analysieren und zu verbessern. Diese Daten dienen dem Unternehmen, sind vor allem statistischer Art und erlauben keine pers\u00f6nliche Identifizierung.<\/p>\n<p>&nbsp;<\/p>\n<p><strong>WEITERGABE VON DATEN AN DRITTED<\/strong><\/p>\n<p>as Technological Leadership Development Center verkauft, \u00fcbermittelt und gibt Ihre personenbezogenen Daten nicht zum Zwecke der Steigerung des Umsatzes an Dritte weiter, mit Ausnahme der Gesch\u00e4ftspartner des Unternehmens und nur nach Ihrer ausdr\u00fccklichen Erlaubnis.<\/p>\n<p>&nbsp;<\/p>\n<p><strong>SICHERHEIT DER DATEN<\/strong><\/p>\n<p>Im Rahmen unserer Verpflichtung, zu gew\u00e4hrleisten, dass Ihre personenbezogenen Daten sicher sind, nutzt die Webseite verschiedene Technologien und Sicherheitsma\u00dfnahmen. Diese dienen dem Schutz Ihrer personenbezogenen Daten vor Zugriff, Verwendung oder Weitergabe durch Unbefugte. Da wir dem Schutz Ihrer personenbezogenen Daten verpflichtet sind, nutzt Highway to English verschiedene Sicherheitstechnologien und -ma\u00dfnahmen, um zum Schutz Ihrer personenbezogenen Daten vor unbefugtem Zugriff, Verwendung oder Weitergabe beizutragen.<\/p>\n<p>&nbsp;<\/p>\n<p><strong>COOKIES<\/strong><\/p>\n<p>W\u00e4hrend Ihres Besuchs unserer Webseite wird ein \u201eCookie\u201c an Ihren Computer gesendet, um Ihren Browser auf einzigartige Weise zu identifizieren. \u201eCookies\u201c sind kleine Dateien, die eine Reihe von Zeichen enthalten. Diese werden an Ihren Computer gesendet, wenn Sie eine Seite laden. Die Cookies beeintr\u00e4chtigen Ihren Computer oder Ihr Nutzererlebnis nicht. Unser Unternehmen verwendet Cookies f\u00fcr die routinem\u00e4\u00dfige Handhabung und Verwaltung, dies beinhaltet auch die Erfassung statistischer Daten \u00fcber die Nutzung der Webseite und die Verifizierung von Daten. Wir erfassen diese Informationen, um die Webseite an Ihre pers\u00f6nlichen Pr\u00e4ferenzen anzupassen und die Daten der Webseite sicher zu halten. Auch wenn die meisten Browser standardm\u00e4\u00dfig die Nutzung von Cookies erlauben, k\u00f6nnen Sie in Ihrem Browser einstellen, dass alle Cookies abgelehnt werden oder Sie informiert werden, wenn ein Cookie gesendet wird. Sie k\u00f6nnen jeden Cookie, der Ihnen von der Webseite gesendet wird, einfach entfernen.<\/p>\n<p>&nbsp;<\/p>\n<p><strong>LINKS ZU ANDEREN WEBSEITEN<\/strong><\/p>\n<p>Diese Webseite enth\u00e4lt m\u00f6glicherweise Links zu Webseiten von Drittanbietern. Die Webseite des Technological Leadership Development Center ist nicht verantwortlich f\u00fcr die Datenschutzrichtlinien dieser Webseiten oder Beschwerden in Bezug auf den Inhalt dieser Webseiten von Drittanbietern, wenn Sie diesen aufrufen.<\/p>\n<p>&nbsp;<\/p>\n<p><strong>\u00c4NDERUNGEN AN DER DATENSCHUTZERKL\u00c4RUNG<\/strong><\/p>\n<p>Diese Webseite hat das Recht, ihre Datenschutzerkl\u00e4rung von Zeit zu Zeit zu aktualisieren. Wenn wir diese Aktualisierungen durchf\u00fchren, werden die \u201ek\u00fcrzlich aktualisierten\u201c Informationen oben auf der Seite angezeigt und entsprechend ge\u00e4ndert. Bei wesentlichen \u00c4nderungen an diesem Dokument, die sich auf die Rechte der Nutzer auswirken, werden die Nutzer dieses Dienstes direkt durch einen auffallenden Hinweis auf der Startseite der Webseite informiert.<\/p>\n","protected":false},"excerpt":{"rendered":"<p>Klicken Sie hier, um unsere Erkl\u00e4rung gem\u00e4\u00df dem US-Bundesgesetz zum Schutz der Privatsph\u00e4re von Kindern im Internet (Children`s Online Privacy Protection Act, COPPA) &nbsp; zu lesen Dieses Dokument enth\u00e4lt Informationen zu den Datenschutzrichtlinien der Webseite des Technological Leadership Development Center (www.tekkieuni.com). Dieses Dokument hat den Zweck, zu erl\u00e4utern, welche Unternehmenspraktiken sich auf den Schutz der [&hellip;]<\/p>\n","protected":false},"author":23,"featured_media":0,"parent":0,"menu_order":0,"comment_status":"closed","ping_status":"closed","template":"","meta":{"_acf_changed":false,"inline_featured_image":false,"footnotes":""},"class_list":["post-11197","page","type-page","status-publish","hentry"],"acf":[],"yoast_head":"<!-- This site is optimized with the Yoast SEO plugin v25.0 - https:\/\/yoast.com\/wordpress\/plugins\/seo\/ -->\n<title>Datenschutzbestimmungen - Tekkie Uni<\/title>\n<meta name=\"description\" content=\"Diese Datenschutzbestimmungen enthalten Informationen zu unseren Datenschutzrichtlinien und unserem Umgang mit Daten. Wir stellen sie Ihnen zur Verf\u00fcgung, um Ihnen bei der Verwendung unserer Website und Dienstleistungen ein Gef\u00fchl von Sicherheit zu geben.\" \/>\n<meta name=\"robots\" content=\"index, follow, max-snippet:-1, max-image-preview:large, max-video-preview:-1\" \/>\n<link rel=\"canonical\" href=\"https:\/\/tekkieuni.com\/de\/privacy-policy\/\" \/>\n<meta property=\"og:locale\" content=\"de_DE\" \/>\n<meta property=\"og:type\" content=\"article\" \/>\n<meta property=\"og:title\" content=\"Datenschutzbestimmungen - Tekkie Uni\" \/>\n<meta property=\"og:description\" content=\"Diese Datenschutzbestimmungen enthalten Informationen zu unseren Datenschutzrichtlinien und unserem Umgang mit Daten. Wir stellen sie Ihnen zur Verf\u00fcgung, um Ihnen bei der Verwendung unserer Website und Dienstleistungen ein Gef\u00fchl von Sicherheit zu geben.\" \/>\n<meta property=\"og:url\" content=\"https:\/\/tekkieuni.com\/de\/privacy-policy\/\" \/>\n<meta property=\"og:site_name\" content=\"TekkieUni - Coding for Kids\" \/>\n<meta property=\"article:publisher\" content=\"https:\/\/www.facebook.com\/TekkieUni\/\" \/>\n<meta property=\"article:modified_time\" content=\"2019-06-12T14:04:35+00:00\" \/>\n<meta name=\"twitter:card\" content=\"summary_large_image\" \/>\n<meta name=\"twitter:label1\" content=\"Gesch\u00e4tzte Lesezeit\" \/>\n\t<meta name=\"twitter:data1\" content=\"4 Minuten\" \/>\n<!-- \/ Yoast SEO plugin. -->","yoast_head_json":{"title":"Datenschutzbestimmungen - Tekkie Uni","description":"Diese Datenschutzbestimmungen enthalten Informationen zu unseren Datenschutzrichtlinien und unserem Umgang mit Daten. Wir stellen sie Ihnen zur Verf\u00fcgung, um Ihnen bei der Verwendung unserer Website und Dienstleistungen ein Gef\u00fchl von Sicherheit zu geben.","robots":{"index":"index","follow":"follow","max-snippet":"max-snippet:-1","max-image-preview":"max-image-preview:large","max-video-preview":"max-video-preview:-1"},"canonical":"https:\/\/tekkieuni.com\/de\/privacy-policy\/","og_locale":"de_DE","og_type":"article","og_title":"Datenschutzbestimmungen - Tekkie Uni","og_description":"Diese Datenschutzbestimmungen enthalten Informationen zu unseren Datenschutzrichtlinien und unserem Umgang mit Daten. Wir stellen sie Ihnen zur Verf\u00fcgung, um Ihnen bei der Verwendung unserer Website und Dienstleistungen ein Gef\u00fchl von Sicherheit zu geben.","og_url":"https:\/\/tekkieuni.com\/de\/privacy-policy\/","og_site_name":"TekkieUni - Coding for Kids","article_publisher":"https:\/\/www.facebook.com\/TekkieUni\/","article_modified_time":"2019-06-12T14:04:35+00:00","twitter_card":"summary_large_image","twitter_misc":{"Gesch\u00e4tzte Lesezeit":"4 Minuten"},"schema":{"@context":"https:\/\/schema.org","@graph":[{"@type":"WebPage","@id":"https:\/\/tekkieuni.com\/de\/privacy-policy\/","url":"https:\/\/tekkieuni.com\/de\/privacy-policy\/","name":"Datenschutzbestimmungen - Tekkie Uni","isPartOf":{"@id":"https:\/\/tekkieuni.com\/#website"},"datePublished":"2019-06-09T16:10:40+00:00","dateModified":"2019-06-12T14:04:35+00:00","description":"Diese Datenschutzbestimmungen enthalten Informationen zu unseren Datenschutzrichtlinien und unserem Umgang mit Daten. Wir stellen sie Ihnen zur Verf\u00fcgung, um Ihnen bei der Verwendung unserer Website und Dienstleistungen ein Gef\u00fchl von Sicherheit zu geben.","inLanguage":"de-DE","potentialAction":[{"@type":"ReadAction","target":["https:\/\/tekkieuni.com\/de\/privacy-policy\/"]}]},{"@type":"WebSite","@id":"https:\/\/tekkieuni.com\/#website","url":"https:\/\/tekkieuni.com\/","name":"TekkieUni - Coding for Kids","description":"","potentialAction":[{"@type":"SearchAction","target":{"@type":"EntryPoint","urlTemplate":"https:\/\/tekkieuni.com\/?s={search_term_string}"},"query-input":{"@type":"PropertyValueSpecification","valueRequired":true,"valueName":"search_term_string"}}],"inLanguage":"de-DE"}]}},"jetpack_sharing_enabled":true,"_links":{"self":[{"href":"https:\/\/tekkieuni.com\/de\/wp-json\/wp\/v2\/pages\/11197","targetHints":{"allow":["GET"]}}],"collection":[{"href":"https:\/\/tekkieuni.com\/de\/wp-json\/wp\/v2\/pages"}],"about":[{"href":"https:\/\/tekkieuni.com\/de\/wp-json\/wp\/v2\/types\/page"}],"author":[{"embeddable":true,"href":"https:\/\/tekkieuni.com\/de\/wp-json\/wp\/v2\/users\/23"}],"replies":[{"embeddable":true,"href":"https:\/\/tekkieuni.com\/de\/wp-json\/wp\/v2\/comments?post=11197"}],"version-history":[{"count":0,"href":"https:\/\/tekkieuni.com\/de\/wp-json\/wp\/v2\/pages\/11197\/revisions"}],"wp:attachment":[{"href":"https:\/\/tekkieuni.com\/de\/wp-json\/wp\/v2\/media?parent=11197"}],"curies":[{"name":"wp","href":"https:\/\/api.w.org\/{rel}","templated":true}]}}