{"id":11248,"date":"2019-05-29T12:45:58","date_gmt":"2019-05-29T12:45:58","guid":{"rendered":"https:\/\/tekkieuni.com\/terms-and-conditions\/stornierungsbedingungen\/"},"modified":"2022-01-27T15:31:42","modified_gmt":"2022-01-27T15:31:42","slug":"cancellation-policy-archive","status":"publish","type":"page","link":"https:\/\/tekkieuni.com\/de\/terms-and-conditions\/cancellation-policy-archive\/","title":{"rendered":"STORNIERUNGSBEDINGUNGEN (Archiv)"},"content":{"rendered":"<p>Uns ist wichtig, dass Sie mit unseren Leistungen zufrieden sind! Wenden Sie sich bitte an unsere Kundenbetreuung, falls Sie ein Problem mit Ihrem Kurs haben. Wir suchen gern nach einer L\u00f6sung. \ud83d\ude0a<\/p>\n<p><strong>\u00a0<\/strong><\/p>\n<p><strong>K\u00fcndigungsbedingungen \u2013 Kurse\u00a0<\/strong><\/p>\n<p><strong>\u00a0<\/strong><\/p>\n<p>Die ersten beiden Unterrichtseinheiten gelten als Probestunden. Wenn Sie den Kurs k\u00fcndigen m\u00f6chten, haben Sie folgenden Anspruch auf eine anteilige R\u00fcckerstattung:<\/p>\n<p>&nbsp;<\/p>\n<ul>\n<li><strong>100 % R\u00fcckerstattung (0 % der Kursgeb\u00fchr wird f\u00e4llig):<\/strong>\u00a0vor der 3. Unterrichtseinheit Ihres Kurses<\/li>\n<li><strong>Anteilige R\u00fcckerstattung (anteiliger Prozentsatz der Kursgeb\u00fchr wird f\u00e4llig):<\/strong>\u00a0Zwischen der 3. und 20. Unterrichtseinheit Ihres Kurses haben Sie Anspruch auf eine anteilige R\u00fcckerstattung. Errechnet wird sie anhand der Anzahl der aktuellen Unterrichtseinheiten plus vier weitere (entspricht einem weiteren Monat).<\/li>\n<li><strong>Keine R\u00fcckerstattung (100 % der Kursgeb\u00fchr wird f\u00e4llig):<\/strong>\u00a0nach der 20. Unterrichtseinheit<\/li>\n<\/ul>\n<p>&nbsp;<\/p>\n<p><strong>K\u00fcndigungsbedingungen \u2013 Programmiercamps und Workshops<\/strong><\/p>\n<p>&nbsp;<\/p>\n<p>Die erste Unterrichtseinheit gilt als Probestunde. Wenn Sie das Camp oder den Workshop k\u00fcndigen m\u00f6chten, haben Sie folgenden Anspruch auf eine anteilige R\u00fcckerstattung:<\/p>\n<p>&nbsp;<\/p>\n<ul>\n<li><strong>100 % R\u00fcckerstattung (0 % der Kursgeb\u00fchr wird f\u00e4llig):<\/strong>\u00a0vor der 2. Unterrichtseinheit Ihres Kurses<\/li>\n<li><strong>Keine R\u00fcckerstattung (100 % der Kursgeb\u00fchr wird f\u00e4llig):<\/strong>\u00a0ab der 2. Unterrichtseinheit<\/li>\n<\/ul>\n<p><strong>\u00a0<\/strong><\/p>\n<p><strong>K\u00fcndigungsbedingungen \u2013 Privatstunden<\/strong><\/p>\n<p><strong>\u00a0<\/strong><\/p>\n<p>Die erste Unterrichtseinheit gilt als Probestunde. Wenn Sie den Unterricht k\u00fcndigen m\u00f6chten, haben Sie folgenden Anspruch auf eine anteilige R\u00fcckerstattung:<\/p>\n<p>&nbsp;<\/p>\n<ul>\n<li><strong>100 % R\u00fcckerstattung (0 % der Kursgeb\u00fchr wird f\u00e4llig):<\/strong>\u00a0Vor der zweiten Stunde k\u00f6nnen Sie eine vollst\u00e4ndige R\u00fcckerstattung erhalten.<\/li>\n<li><strong>Anteilige R\u00fcckerstattung (anteiliger Prozentsatz der Kursgeb\u00fchr wird f\u00e4llig):<\/strong>\u00a0Ab der zweiten Stunde erhalten Sie eine anteilige R\u00fcckerstattung. Sie errechnet sich aus dem Anteil der genutzten Stunden Ihres Pakets plus zwei weitere Stunden.<\/li>\n<\/ul>\n<p>&nbsp;<\/p>\n<p><strong>Privatstunden \u2013 Termin verschieben und G\u00fcltigkeit<\/strong><\/p>\n<p>&nbsp;<\/p>\n<p>Wenn Sie eine Privatstunde verschieben m\u00f6chten, informieren Sie bitte mindestens 12 Stunden vor dem Kurstermin Ihre Kursleitung oder die Kundenbetreuung (<a href=\"mailto:service@eteachergroup.com\"><strong>service@eteachergroup.com<\/strong><\/a>). Unterrichtsstunden, die ohne vorherige Benachrichtigung abgesagt wurden, werden von der Gesamtzahl der Stunden abgezogen, auf die der Lernende Anspruch hat. Das Privatstundenpaket ist bis zu einem Jahr ab dem Tag der Anmeldung g\u00fcltig.<\/p>\n<p>&nbsp;<\/p>\n<p>Sollte TekkieUni beschlie\u00dfen, einen Kurs abzusagen (diese Entscheidung liegt im Ermessen der Unternehmensleitung), wird die Teilnahmegeb\u00fchr vollst\u00e4ndig r\u00fcckerstattet.<\/p>\n<p>Bei K\u00fcndigung durch die Teilnehmenden sind nur die genannten R\u00fcckerstattungen m\u00f6glich.<\/p>\n","protected":false},"excerpt":{"rendered":"<p>Uns ist wichtig, dass Sie mit unseren Leistungen zufrieden sind! Wenden Sie sich bitte an unsere Kundenbetreuung, falls Sie ein Problem mit Ihrem Kurs haben. Wir suchen gern nach einer L\u00f6sung. \ud83d\ude0a \u00a0 K\u00fcndigungsbedingungen \u2013 Kurse\u00a0 \u00a0 Die ersten beiden Unterrichtseinheiten gelten als Probestunden. Wenn Sie den Kurs k\u00fcndigen m\u00f6chten, haben Sie folgenden Anspruch auf [&hellip;]<\/p>\n","protected":false},"author":31,"featured_media":0,"parent":11072,"menu_order":0,"comment_status":"closed","ping_status":"closed","template":"","meta":{"_acf_changed":false,"inline_featured_image":false,"footnotes":""},"class_list":["post-11248","page","type-page","status-publish","hentry"],"acf":[],"yoast_head":"<!-- This site is optimized with the Yoast SEO plugin v25.0 - https:\/\/yoast.com\/wordpress\/plugins\/seo\/ -->\n<title>Stornierungsbedingungen - einschlie\u00dflich Testphase -Archiv- Tekkie Uni<\/title>\n<meta name=\"description\" content=\"Die Stornierungsbedingungen (Archiv) legen unsere Bedingungen f\u00fcr den Fall fest, dass Sie die Einschreibung, stornieren m\u00f6chten, wenn Sie eine Testphase hatten.\" \/>\n<meta name=\"robots\" content=\"index, follow, max-snippet:-1, max-image-preview:large, max-video-preview:-1\" \/>\n<link rel=\"canonical\" href=\"https:\/\/tekkieuni.com\/de\/terms-and-conditions\/cancellation-policy-archive\/\" \/>\n<meta property=\"og:locale\" content=\"de_DE\" \/>\n<meta property=\"og:type\" content=\"article\" \/>\n<meta property=\"og:title\" content=\"Stornierungsbedingungen - einschlie\u00dflich Testphase -Archiv- Tekkie Uni\" \/>\n<meta property=\"og:description\" content=\"Die Stornierungsbedingungen (Archiv) legen unsere Bedingungen f\u00fcr den Fall fest, dass Sie die Einschreibung, stornieren m\u00f6chten, wenn Sie eine Testphase hatten.\" \/>\n<meta property=\"og:url\" content=\"https:\/\/tekkieuni.com\/de\/terms-and-conditions\/cancellation-policy-archive\/\" \/>\n<meta property=\"og:site_name\" content=\"TekkieUni - Coding for Kids\" \/>\n<meta property=\"article:publisher\" content=\"https:\/\/www.facebook.com\/TekkieUni\/\" \/>\n<meta property=\"article:modified_time\" content=\"2022-01-27T15:31:42+00:00\" \/>\n<meta name=\"twitter:card\" content=\"summary_large_image\" \/>\n<meta name=\"twitter:label1\" content=\"Gesch\u00e4tzte Lesezeit\" \/>\n\t<meta name=\"twitter:data1\" content=\"2 Minuten\" \/>\n<!-- \/ Yoast SEO plugin. -->","yoast_head_json":{"title":"Stornierungsbedingungen - einschlie\u00dflich Testphase -Archiv- Tekkie Uni","description":"Die Stornierungsbedingungen (Archiv) legen unsere Bedingungen f\u00fcr den Fall fest, dass Sie die Einschreibung, stornieren m\u00f6chten, wenn Sie eine Testphase hatten.","robots":{"index":"index","follow":"follow","max-snippet":"max-snippet:-1","max-image-preview":"max-image-preview:large","max-video-preview":"max-video-preview:-1"},"canonical":"https:\/\/tekkieuni.com\/de\/terms-and-conditions\/cancellation-policy-archive\/","og_locale":"de_DE","og_type":"article","og_title":"Stornierungsbedingungen - einschlie\u00dflich Testphase -Archiv- Tekkie Uni","og_description":"Die Stornierungsbedingungen (Archiv) legen unsere Bedingungen f\u00fcr den Fall fest, dass Sie die Einschreibung, stornieren m\u00f6chten, wenn Sie eine Testphase hatten.","og_url":"https:\/\/tekkieuni.com\/de\/terms-and-conditions\/cancellation-policy-archive\/","og_site_name":"TekkieUni - Coding for Kids","article_publisher":"https:\/\/www.facebook.com\/TekkieUni\/","article_modified_time":"2022-01-27T15:31:42+00:00","twitter_card":"summary_large_image","twitter_misc":{"Gesch\u00e4tzte Lesezeit":"2 Minuten"},"schema":{"@context":"https:\/\/schema.org","@graph":[{"@type":"WebPage","@id":"https:\/\/tekkieuni.com\/de\/terms-and-conditions\/cancellation-policy-archive\/","url":"https:\/\/tekkieuni.com\/de\/terms-and-conditions\/cancellation-policy-archive\/","name":"Stornierungsbedingungen - einschlie\u00dflich Testphase -Archiv- Tekkie Uni","isPartOf":{"@id":"https:\/\/tekkieuni.com\/#website"},"datePublished":"2019-05-29T12:45:58+00:00","dateModified":"2022-01-27T15:31:42+00:00","description":"Die Stornierungsbedingungen (Archiv) legen unsere Bedingungen f\u00fcr den Fall fest, dass Sie die Einschreibung, stornieren m\u00f6chten, wenn Sie eine Testphase hatten.","breadcrumb":{"@id":"https:\/\/tekkieuni.com\/de\/terms-and-conditions\/cancellation-policy-archive\/#breadcrumb"},"inLanguage":"de-DE","potentialAction":[{"@type":"ReadAction","target":["https:\/\/tekkieuni.com\/de\/terms-and-conditions\/cancellation-policy-archive\/"]}]},{"@type":"BreadcrumbList","@id":"https:\/\/tekkieuni.com\/de\/terms-and-conditions\/cancellation-policy-archive\/#breadcrumb","itemListElement":[{"@type":"ListItem","position":1,"name":"Nutzungsbedingungen","item":"https:\/\/tekkieuni.com\/de\/terms-and-conditions\/"},{"@type":"ListItem","position":2,"name":"STORNIERUNGSBEDINGUNGEN (Archiv)"}]},{"@type":"WebSite","@id":"https:\/\/tekkieuni.com\/#website","url":"https:\/\/tekkieuni.com\/","name":"TekkieUni - Coding for Kids","description":"","potentialAction":[{"@type":"SearchAction","target":{"@type":"EntryPoint","urlTemplate":"https:\/\/tekkieuni.com\/?s={search_term_string}"},"query-input":{"@type":"PropertyValueSpecification","valueRequired":true,"valueName":"search_term_string"}}],"inLanguage":"de-DE"}]}},"jetpack_sharing_enabled":true,"_links":{"self":[{"href":"https:\/\/tekkieuni.com\/de\/wp-json\/wp\/v2\/pages\/11248","targetHints":{"allow":["GET"]}}],"collection":[{"href":"https:\/\/tekkieuni.com\/de\/wp-json\/wp\/v2\/pages"}],"about":[{"href":"https:\/\/tekkieuni.com\/de\/wp-json\/wp\/v2\/types\/page"}],"author":[{"embeddable":true,"href":"https:\/\/tekkieuni.com\/de\/wp-json\/wp\/v2\/users\/31"}],"replies":[{"embeddable":true,"href":"https:\/\/tekkieuni.com\/de\/wp-json\/wp\/v2\/comments?post=11248"}],"version-history":[{"count":0,"href":"https:\/\/tekkieuni.com\/de\/wp-json\/wp\/v2\/pages\/11248\/revisions"}],"up":[{"embeddable":true,"href":"https:\/\/tekkieuni.com\/de\/wp-json\/wp\/v2\/pages\/11072"}],"wp:attachment":[{"href":"https:\/\/tekkieuni.com\/de\/wp-json\/wp\/v2\/media?parent=11248"}],"curies":[{"name":"wp","href":"https:\/\/api.w.org\/{rel}","templated":true}]}}