{"id":11690,"date":"2019-03-25T12:17:30","date_gmt":"2019-03-25T12:17:30","guid":{"rendered":"https:\/\/tekkieuni.com\/help-center\/"},"modified":"2024-06-03T14:18:16","modified_gmt":"2024-06-03T14:18:16","slug":"help-center","status":"publish","type":"page","link":"https:\/\/tekkieuni.com\/es\/help-center\/","title":{"rendered":"Centro de Ayuda"},"content":{"rendered":"","protected":false},"excerpt":{"rendered":"","protected":false},"author":10,"featured_media":0,"parent":0,"menu_order":0,"comment_status":"closed","ping_status":"closed","template":"templates\/page-help-center.php","meta":{"_acf_changed":false,"inline_featured_image":false,"footnotes":""},"class_list":["post-11690","page","type-page","status-publish","hentry"],"acf":[],"yoast_head":"<!-- This site is optimized with the Yoast SEO plugin v25.0 - https:\/\/yoast.com\/wordpress\/plugins\/seo\/ -->\n<title>Centro de Ayuda - TekkieUni - Coding for Kids<\/title>\n<meta name=\"description\" content=\"A continuaci\u00f3n, encontrar\u00e1s enlaces a la informaci\u00f3n que necesitas en relaci\u00f3n con tus estudios con nosotros.\" \/>\n<meta name=\"robots\" content=\"index, follow, max-snippet:-1, max-image-preview:large, max-video-preview:-1\" \/>\n<link rel=\"canonical\" href=\"https:\/\/tekkieuni.com\/es\/help-center\/\" \/>\n<meta property=\"og:locale\" content=\"es_ES\" \/>\n<meta property=\"og:type\" content=\"article\" \/>\n<meta property=\"og:title\" content=\"Centro de Ayuda - TekkieUni - Coding for Kids\" \/>\n<meta property=\"og:description\" content=\"A continuaci\u00f3n, encontrar\u00e1s enlaces a la informaci\u00f3n que necesitas en relaci\u00f3n con tus estudios con nosotros.\" \/>\n<meta property=\"og:url\" content=\"https:\/\/tekkieuni.com\/es\/help-center\/\" \/>\n<meta property=\"og:site_name\" content=\"TekkieUni - Coding for Kids\" \/>\n<meta property=\"article:publisher\" content=\"https:\/\/www.facebook.com\/TekkieUni\/\" \/>\n<meta property=\"article:modified_time\" content=\"2024-06-03T14:18:16+00:00\" \/>\n<meta name=\"twitter:card\" content=\"summary_large_image\" \/>\n<!-- \/ Yoast SEO plugin. -->","yoast_head_json":{"title":"Centro de Ayuda - TekkieUni - Coding for Kids","description":"A continuaci\u00f3n, encontrar\u00e1s enlaces a la informaci\u00f3n que necesitas en relaci\u00f3n con tus estudios con nosotros.","robots":{"index":"index","follow":"follow","max-snippet":"max-snippet:-1","max-image-preview":"max-image-preview:large","max-video-preview":"max-video-preview:-1"},"canonical":"https:\/\/tekkieuni.com\/es\/help-center\/","og_locale":"es_ES","og_type":"article","og_title":"Centro de Ayuda - TekkieUni - Coding for Kids","og_description":"A continuaci\u00f3n, encontrar\u00e1s enlaces a la informaci\u00f3n que necesitas en relaci\u00f3n con tus estudios con nosotros.","og_url":"https:\/\/tekkieuni.com\/es\/help-center\/","og_site_name":"TekkieUni - Coding for Kids","article_publisher":"https:\/\/www.facebook.com\/TekkieUni\/","article_modified_time":"2024-06-03T14:18:16+00:00","twitter_card":"summary_large_image","schema":{"@context":"https:\/\/schema.org","@graph":[{"@type":"WebPage","@id":"https:\/\/tekkieuni.com\/es\/help-center\/","url":"https:\/\/tekkieuni.com\/es\/help-center\/","name":"Centro de Ayuda - TekkieUni - Coding for Kids","isPartOf":{"@id":"https:\/\/tekkieuni.com\/#website"},"datePublished":"2019-03-25T12:17:30+00:00","dateModified":"2024-06-03T14:18:16+00:00","description":"A continuaci\u00f3n, encontrar\u00e1s enlaces a la informaci\u00f3n que necesitas en relaci\u00f3n con tus estudios con nosotros.","inLanguage":"es","potentialAction":[{"@type":"ReadAction","target":["https:\/\/tekkieuni.com\/es\/help-center\/"]}]},{"@type":"WebSite","@id":"https:\/\/tekkieuni.com\/#website","url":"https:\/\/tekkieuni.com\/","name":"TekkieUni - Coding for Kids","description":"","potentialAction":[{"@type":"SearchAction","target":{"@type":"EntryPoint","urlTemplate":"https:\/\/tekkieuni.com\/?s={search_term_string}"},"query-input":{"@type":"PropertyValueSpecification","valueRequired":true,"valueName":"search_term_string"}}],"inLanguage":"es"}]}},"jetpack_sharing_enabled":true,"_links":{"self":[{"href":"https:\/\/tekkieuni.com\/es\/wp-json\/wp\/v2\/pages\/11690","targetHints":{"allow":["GET"]}}],"collection":[{"href":"https:\/\/tekkieuni.com\/es\/wp-json\/wp\/v2\/pages"}],"about":[{"href":"https:\/\/tekkieuni.com\/es\/wp-json\/wp\/v2\/types\/page"}],"author":[{"embeddable":true,"href":"https:\/\/tekkieuni.com\/es\/wp-json\/wp\/v2\/users\/10"}],"replies":[{"embeddable":true,"href":"https:\/\/tekkieuni.com\/es\/wp-json\/wp\/v2\/comments?post=11690"}],"version-history":[{"count":0,"href":"https:\/\/tekkieuni.com\/es\/wp-json\/wp\/v2\/pages\/11690\/revisions"}],"wp:attachment":[{"href":"https:\/\/tekkieuni.com\/es\/wp-json\/wp\/v2\/media?parent=11690"}],"curies":[{"name":"wp","href":"https:\/\/api.w.org\/{rel}","templated":true}]}}