{"id":17720,"date":"2020-06-04T10:31:50","date_gmt":"2020-06-04T10:31:50","guid":{"rendered":"https:\/\/tekkieuni.com\/?page_id=17720"},"modified":"2022-05-12T13:07:20","modified_gmt":"2022-05-12T13:07:20","slug":"animation-guide","status":"publish","type":"page","link":"https:\/\/tekkieuni.com\/es\/help-center\/getting-started-guides\/animation-guide\/","title":{"rendered":"Gu\u00eda para comenzar del curso \u00abAnimaci\u00f3n para ni\u00f1os\u00bb"},"content":{"rendered":"","protected":false},"excerpt":{"rendered":"","protected":false},"author":31,"featured_media":0,"parent":11701,"menu_order":0,"comment_status":"closed","ping_status":"closed","template":"templates\/page-help-guide.php","meta":{"_acf_changed":false,"inline_featured_image":false,"footnotes":""},"class_list":["post-17720","page","type-page","status-publish","hentry"],"acf":[],"yoast_head":"<!-- This site is optimized with the Yoast SEO plugin v25.0 - https:\/\/yoast.com\/wordpress\/plugins\/seo\/ -->\n<title>Gu\u00eda para comenzar del curso &quot;Animaci\u00f3n para ni\u00f1os&quot;<\/title>\n<meta name=\"robots\" content=\"index, follow, max-snippet:-1, max-image-preview:large, max-video-preview:-1\" \/>\n<link rel=\"canonical\" href=\"https:\/\/tekkieuni.com\/es\/help-center\/getting-started-guides\/animation-guide\/\" \/>\n<meta property=\"og:locale\" content=\"es_ES\" \/>\n<meta property=\"og:type\" content=\"article\" \/>\n<meta property=\"og:title\" content=\"Gu\u00eda para comenzar del curso &quot;Animaci\u00f3n para ni\u00f1os&quot;\" \/>\n<meta property=\"og:url\" content=\"https:\/\/tekkieuni.com\/es\/help-center\/getting-started-guides\/animation-guide\/\" \/>\n<meta property=\"og:site_name\" content=\"TekkieUni - Coding for Kids\" \/>\n<meta property=\"article:publisher\" content=\"https:\/\/www.facebook.com\/TekkieUni\/\" \/>\n<meta property=\"article:modified_time\" content=\"2022-05-12T13:07:20+00:00\" \/>\n<meta name=\"twitter:card\" content=\"summary_large_image\" \/>\n<!-- \/ Yoast SEO plugin. -->","yoast_head_json":{"title":"Gu\u00eda para comenzar del curso \"Animaci\u00f3n para ni\u00f1os\"","robots":{"index":"index","follow":"follow","max-snippet":"max-snippet:-1","max-image-preview":"max-image-preview:large","max-video-preview":"max-video-preview:-1"},"canonical":"https:\/\/tekkieuni.com\/es\/help-center\/getting-started-guides\/animation-guide\/","og_locale":"es_ES","og_type":"article","og_title":"Gu\u00eda para comenzar del curso \"Animaci\u00f3n para ni\u00f1os\"","og_url":"https:\/\/tekkieuni.com\/es\/help-center\/getting-started-guides\/animation-guide\/","og_site_name":"TekkieUni - Coding for Kids","article_publisher":"https:\/\/www.facebook.com\/TekkieUni\/","article_modified_time":"2022-05-12T13:07:20+00:00","twitter_card":"summary_large_image","schema":{"@context":"https:\/\/schema.org","@graph":[{"@type":"WebPage","@id":"https:\/\/tekkieuni.com\/es\/help-center\/getting-started-guides\/animation-guide\/","url":"https:\/\/tekkieuni.com\/es\/help-center\/getting-started-guides\/animation-guide\/","name":"Gu\u00eda para comenzar del curso \"Animaci\u00f3n para ni\u00f1os\"","isPartOf":{"@id":"https:\/\/tekkieuni.com\/#website"},"datePublished":"2020-06-04T10:31:50+00:00","dateModified":"2022-05-12T13:07:20+00:00","breadcrumb":{"@id":"https:\/\/tekkieuni.com\/es\/help-center\/getting-started-guides\/animation-guide\/#breadcrumb"},"inLanguage":"es","potentialAction":[{"@type":"ReadAction","target":["https:\/\/tekkieuni.com\/es\/help-center\/getting-started-guides\/animation-guide\/"]}]},{"@type":"BreadcrumbList","@id":"https:\/\/tekkieuni.com\/es\/help-center\/getting-started-guides\/animation-guide\/#breadcrumb","itemListElement":[{"@type":"ListItem","position":1,"name":"Centro de Ayuda","item":"https:\/\/tekkieuni.com\/es\/help-center\/"},{"@type":"ListItem","position":2,"name":"Gu\u00edas para comenzar","item":"https:\/\/tekkieuni.com\/es\/help-center\/getting-started-guides\/"},{"@type":"ListItem","position":3,"name":"Gu\u00eda para comenzar del curso &#8220;Animaci\u00f3n para ni\u00f1os&#8221;"}]},{"@type":"WebSite","@id":"https:\/\/tekkieuni.com\/#website","url":"https:\/\/tekkieuni.com\/","name":"TekkieUni - Coding for Kids","description":"","potentialAction":[{"@type":"SearchAction","target":{"@type":"EntryPoint","urlTemplate":"https:\/\/tekkieuni.com\/?s={search_term_string}"},"query-input":{"@type":"PropertyValueSpecification","valueRequired":true,"valueName":"search_term_string"}}],"inLanguage":"es"}]}},"jetpack_sharing_enabled":true,"_links":{"self":[{"href":"https:\/\/tekkieuni.com\/es\/wp-json\/wp\/v2\/pages\/17720","targetHints":{"allow":["GET"]}}],"collection":[{"href":"https:\/\/tekkieuni.com\/es\/wp-json\/wp\/v2\/pages"}],"about":[{"href":"https:\/\/tekkieuni.com\/es\/wp-json\/wp\/v2\/types\/page"}],"author":[{"embeddable":true,"href":"https:\/\/tekkieuni.com\/es\/wp-json\/wp\/v2\/users\/31"}],"replies":[{"embeddable":true,"href":"https:\/\/tekkieuni.com\/es\/wp-json\/wp\/v2\/comments?post=17720"}],"version-history":[{"count":0,"href":"https:\/\/tekkieuni.com\/es\/wp-json\/wp\/v2\/pages\/17720\/revisions"}],"up":[{"embeddable":true,"href":"https:\/\/tekkieuni.com\/es\/wp-json\/wp\/v2\/pages\/11701"}],"wp:attachment":[{"href":"https:\/\/tekkieuni.com\/es\/wp-json\/wp\/v2\/media?parent=17720"}],"curies":[{"name":"wp","href":"https:\/\/api.w.org\/{rel}","templated":true}]}}