{"id":582,"date":"2017-04-12T11:24:35","date_gmt":"2017-04-12T11:24:35","guid":{"rendered":"http:\/\/tekkieuni.com\/es\/terms-of-use\/"},"modified":"2023-10-02T14:02:25","modified_gmt":"2023-10-02T14:02:25","slug":"terms-and-conditions","status":"publish","type":"page","link":"https:\/\/tekkieuni.com\/es\/terms-and-conditions\/","title":{"rendered":"T\u00e9rminos y Condiciones"},"content":{"rendered":"<h3><strong><u>General<\/u><\/strong><\/h3>\n<h5><u>Equipo<\/u><\/h5>\n<p>eTeacher Group no se responsabiliza por el equipo del estudiante (por ejemplo, computador, m\u00f3dem y altavoces). En otras palabras, usted es el \u00fanico responsable de la condici\u00f3n de su equipo personal y de la realizaci\u00f3n de las pruebas t\u00e9cnicas obligatorias.<\/p>\n<p>&nbsp;<\/p>\n<h5><u>Responsabilidad<\/u><\/h5>\n<p>eTeacher Group no ser\u00e1 responsable legalmente de la producci\u00f3n, la distribuci\u00f3n y el car\u00e1cter de los contenidos hechos por los inscritos luego de que el curso, actividad grupal de verano o taller haya llegado a su fin.<\/p>\n<p>Por medio de la presente, eTeacher Group declara que la responsabilidad de la empresa por el reclamo de alg\u00fan estudiante, cualquiera que sea, est\u00e1 limitada a la suma que \u00e9l o ella haya pagado por el curso o los cursos. Adem\u00e1s, eTeacher Group no ser\u00e1 responsable legalmente de ning\u00fan da\u00f1o indirecto.<\/p>\n<p>&nbsp;<\/p>\n<p>&nbsp;<\/p>\n<p><strong>POL\u00cdTICA DE CANCELACI\u00d3N:<\/strong><\/p>\n<p>Para obtener m\u00e1s informaci\u00f3n acerca de nuestra pol\u00edtica de cancelaci\u00f3n, hace clic en el enlace correspondiente.<\/p>\n<p><a href=\"https:\/\/lp.eteachergroup.com\/lp-student-terms-and-conditions-es.html\">https:\/\/lp.eteachergroup.com\/lp-student-terms-and-conditions-es.html<\/a><\/p>\n<p>&nbsp;<\/p>\n<p>&#8212;&#8212;&#8212;&#8211;<\/p>\n<p><strong>GENERALIDADES<\/strong><\/p>\n<p>La empresa se reserva el derecho a cerrar el sitio y a modificar, en cualquier momento, su apariencia y la disponibilidad de los servicios y contenidos que se ofrecen a trav\u00e9s de \u00e9l, sin necesidad de informar a nadie. Por lo tanto, no habr\u00e1 ninguna queja, acci\u00f3n legal o demanda de este sitio debido a esto o relacionada con esto. La empresa no se compromete a actualizar los programas en ning\u00fan momento. Se pide a las personas u organizaciones que no tomen ninguna decisi\u00f3n que se base \u00fanica o parcialmente en lo que est\u00e1 escrito en nuestro sitio web, incluidas las decisiones profesionales, preferencias, decisiones que necesiten tomar o cualquier otra cosa, sin recibir informaci\u00f3n y asesoramiento independiente de un profesional que no est\u00e9 vinculado con esta empresa. Nada de lo que est\u00e1 escrito en este sitio debe ser visto como una recomendaci\u00f3n bajo ninguna circunstancia.<\/p>\n<p>La empresa no promete que los servicios ofrecidos en el sitio no ser\u00e1n interrumpidos, y\/o se prestar\u00e1n a tiempo y sin interrupciones ni molestias, y\/o ser\u00e1 inmune al acceso ilegal al ordenador de la empresa, a da\u00f1os, roturas, contratiempos o mal funcionamiento del hardware, software o l\u00edneas de comunicaci\u00f3n de la empresa o de cualquiera de sus proveedores de servicios, y no ser\u00e1 da\u00f1ado por ning\u00fan otro motivo. La compa\u00f1\u00eda no ser\u00e1 responsable de ning\u00fan da\u00f1o, angustia o cualquier otra cosa, ya sea directa o indirectamente causada, que pueda ser causada a sus posesiones a trav\u00e9s del uso de este sitio, su informaci\u00f3n y servicios.<\/p>\n<p>El uso del sitio es responsabilidad del usuario. La compa\u00f1\u00eda no ser\u00e1 responsable del inconveniente resultado de cualquier uso, mal uso u omisi\u00f3n del contenido del sitio. La empresa no ser\u00e1 responsable de ning\u00fan da\u00f1o directo o indirecto, causal o incidental, causado por el acceso al sitio, uso del sitio, o por el hecho de que se le impida el uso o el acceso al sitio, ya sea causado por la ley o por da\u00f1os. La empresa no se hace responsable de ning\u00fan da\u00f1o, incluidos los \u201cvirus\u201d o aplicaciones de software, en el equipo inform\u00e1tico del usuario o en cualquier otro de su propiedad, que pueda ser causado por el acceso, la navegaci\u00f3n o cualquier otro uso del sitio web, incluyendo, aunque no de forma exclusiva, cualquier descarga de informaci\u00f3n desde el sitio.<\/p>\n<p>&nbsp;<\/p>\n<p><strong>PROPIEDAD Y DERECHOS DE AUTOR<\/strong><\/p>\n<p>Todos los derechos de autor en el sitio, incluyendo el dise\u00f1o, el software, la aplicaci\u00f3n, los archivos gr\u00e1ficos, el texto, los c\u00f3digos inform\u00e1ticos y cualquier otra cosa incluida en el sitio, son propiedad exclusiva de la empresa y\/o de los proveedores de servicios de la empresa, y\/o de sus socios comerciales, seg\u00fan el tema. Est\u00e1 prohibido copiar, distribuir o mostrar p\u00fablicamente, traducir o transferir a terceros cualquier parte de lo anterior sin el permiso expl\u00edcito y previo de Wall Street, por escrito. El nombre \u201cCentro de Desarrollo de Liderazgo Tecnol\u00f3gico\u201d, el nombre de dominio del sitio y cualquiera de las marcas comerciales de la empresa (registradas o no) pertenecen exclusivamente a eTeacher Ltd.<\/p>\n<p><strong>ENLACES A TERCEROS Y PUBLICIDAD<\/strong><\/p>\n<p>La empresa, y todos aquellos que recibieron su permiso por escrito, y solo ellos, est\u00e1n autorizados a publicar en el sitio del Centro de Desarrollo de Liderazgo Tecnol\u00f3gico. Los anuncios y la informaci\u00f3n comercial son a elecci\u00f3n del sitio o de un tercero, y pueden publicarse de cualquier manera que la empresa considere conveniente. Est\u00e1 totalmente prohibido borrar, da\u00f1ar, interrumpir o tergiversar, interferir u oponerse a cualquier anuncio o informaci\u00f3n comercial, de cualquier manera o forma. eTeacher Ltd., que administra el sitio del Centro de Desarrollo de Liderazgo Tecnol\u00f3gico, podr\u00e1, en cualquier momento y sin previo aviso, borrar cualquier anuncio o informaci\u00f3n comercial que haya sido anunciada en contradicci\u00f3n con sus t\u00e9rminos de uso. La empresa no garantiza que todos los enlaces funcionen y conduzcan a un sitio web activo. El hecho de que un enlace determinado se encuentre en el sitio web de la empresa no significa que la empresa avale el contenido, o lo encuentre fiable y\/o actualizado. La empresa no ser\u00e1 responsable de los da\u00f1os, indirectos o directos, que puedan ser causados a un usuario y\/o a su propiedad, como resultado del uso o confianza en la informaci\u00f3n y el software que aparecen en el sitio, a los que haya llegado a trav\u00e9s del enlace o publicidad del sitio.<\/p>\n<p>&nbsp;<\/p>\n<p><strong>DERECHO Y LUGAR DE SENTENCIA<\/strong><\/p>\n<p>Este sitio y sus propietarios se rigen por las leyes del Estado de Israel. El usuario que desee presentar una reclamaci\u00f3n legal a la empresa podr\u00e1 presentarla en cualquier tribunal, siempre que su tribunal local se atenga legalmente, y en todos los casos, a los fallos del tribunal de Tel Aviv. Los tribunales de Tel Aviv tendr\u00e1n plena autoridad para dictaminar en todos y cada uno de los casos relacionados con el uso de este sitio.<\/p>\n<p>&nbsp;<\/p>\n<p>&nbsp;<\/p>\n<p>&nbsp;<\/p>\n<p>&nbsp;<\/p>\n<p>&nbsp;<\/p>\n<p>&nbsp;<\/p>\n<p>&nbsp;<\/p>\n<p>&nbsp;<\/p>\n<p>&nbsp;<\/p>\n<p>&nbsp;<\/p>\n<p>&nbsp;<\/p>\n<p>&nbsp;<\/p>\n<p>&nbsp;<\/p>\n<p>&nbsp;<\/p>\n<p>&nbsp;<\/p>\n<p>&nbsp;<\/p>\n<p>&nbsp;<\/p>\n","protected":false},"excerpt":{"rendered":"<p>General Equipo eTeacher Group no se responsabiliza por el equipo del estudiante (por ejemplo, computador, m\u00f3dem y altavoces). En otras palabras, usted es el \u00fanico responsable de la condici\u00f3n de su equipo personal y de la realizaci\u00f3n de las pruebas t\u00e9cnicas obligatorias. &nbsp; Responsabilidad eTeacher Group no ser\u00e1 responsable legalmente de la producci\u00f3n, la distribuci\u00f3n [&hellip;]<\/p>\n","protected":false},"author":23,"featured_media":0,"parent":0,"menu_order":0,"comment_status":"closed","ping_status":"closed","template":"","meta":{"_acf_changed":false,"inline_featured_image":false,"footnotes":""},"class_list":["post-582","page","type-page","status-publish","hentry"],"acf":[],"yoast_head":"<!-- This site is optimized with the Yoast SEO plugin v25.0 - https:\/\/yoast.com\/wordpress\/plugins\/seo\/ -->\n<title>T\u00e9rminos y Condiciones - Tekkie Uni<\/title>\n<meta name=\"description\" content=\"Los T\u00e9rminos y Condiciones son un conjunto de reglas y pautas que un usuario debe aceptar para usar su sitio web o aplicaci\u00f3n m\u00f3vil. Funciona como un contrato legal entre usted (la compa\u00f1\u00eda) que tiene el sitio web o la aplicaci\u00f3n m\u00f3vil y el usuario que accede a su sitio web y aplicaci\u00f3n m\u00f3vil.\" \/>\n<meta name=\"robots\" content=\"index, follow, max-snippet:-1, max-image-preview:large, max-video-preview:-1\" \/>\n<link rel=\"canonical\" href=\"https:\/\/tekkieuni.com\/es\/terms-and-conditions\/\" \/>\n<meta property=\"og:locale\" content=\"es_ES\" \/>\n<meta property=\"og:type\" content=\"article\" \/>\n<meta property=\"og:title\" content=\"T\u00e9rminos y Condiciones - Tekkie Uni\" \/>\n<meta property=\"og:description\" content=\"Los T\u00e9rminos y Condiciones son un conjunto de reglas y pautas que un usuario debe aceptar para usar su sitio web o aplicaci\u00f3n m\u00f3vil. Funciona como un contrato legal entre usted (la compa\u00f1\u00eda) que tiene el sitio web o la aplicaci\u00f3n m\u00f3vil y el usuario que accede a su sitio web y aplicaci\u00f3n m\u00f3vil.\" \/>\n<meta property=\"og:url\" content=\"https:\/\/tekkieuni.com\/es\/terms-and-conditions\/\" \/>\n<meta property=\"og:site_name\" content=\"TekkieUni - Coding for Kids\" \/>\n<meta property=\"article:publisher\" content=\"https:\/\/www.facebook.com\/TekkieUni\/\" \/>\n<meta property=\"article:modified_time\" content=\"2023-10-02T14:02:25+00:00\" \/>\n<meta name=\"twitter:card\" content=\"summary_large_image\" \/>\n<meta name=\"twitter:label1\" content=\"Tiempo de lectura\" \/>\n\t<meta name=\"twitter:data1\" content=\"5 minutos\" \/>\n<!-- \/ Yoast SEO plugin. -->","yoast_head_json":{"title":"T\u00e9rminos y Condiciones - Tekkie Uni","description":"Los T\u00e9rminos y Condiciones son un conjunto de reglas y pautas que un usuario debe aceptar para usar su sitio web o aplicaci\u00f3n m\u00f3vil. Funciona como un contrato legal entre usted (la compa\u00f1\u00eda) que tiene el sitio web o la aplicaci\u00f3n m\u00f3vil y el usuario que accede a su sitio web y aplicaci\u00f3n m\u00f3vil.","robots":{"index":"index","follow":"follow","max-snippet":"max-snippet:-1","max-image-preview":"max-image-preview:large","max-video-preview":"max-video-preview:-1"},"canonical":"https:\/\/tekkieuni.com\/es\/terms-and-conditions\/","og_locale":"es_ES","og_type":"article","og_title":"T\u00e9rminos y Condiciones - Tekkie Uni","og_description":"Los T\u00e9rminos y Condiciones son un conjunto de reglas y pautas que un usuario debe aceptar para usar su sitio web o aplicaci\u00f3n m\u00f3vil. Funciona como un contrato legal entre usted (la compa\u00f1\u00eda) que tiene el sitio web o la aplicaci\u00f3n m\u00f3vil y el usuario que accede a su sitio web y aplicaci\u00f3n m\u00f3vil.","og_url":"https:\/\/tekkieuni.com\/es\/terms-and-conditions\/","og_site_name":"TekkieUni - Coding for Kids","article_publisher":"https:\/\/www.facebook.com\/TekkieUni\/","article_modified_time":"2023-10-02T14:02:25+00:00","twitter_card":"summary_large_image","twitter_misc":{"Tiempo de lectura":"5 minutos"},"schema":{"@context":"https:\/\/schema.org","@graph":[{"@type":"WebPage","@id":"https:\/\/tekkieuni.com\/es\/terms-and-conditions\/","url":"https:\/\/tekkieuni.com\/es\/terms-and-conditions\/","name":"T\u00e9rminos y Condiciones - Tekkie Uni","isPartOf":{"@id":"https:\/\/tekkieuni.com\/#website"},"datePublished":"2017-04-12T11:24:35+00:00","dateModified":"2023-10-02T14:02:25+00:00","description":"Los T\u00e9rminos y Condiciones son un conjunto de reglas y pautas que un usuario debe aceptar para usar su sitio web o aplicaci\u00f3n m\u00f3vil. Funciona como un contrato legal entre usted (la compa\u00f1\u00eda) que tiene el sitio web o la aplicaci\u00f3n m\u00f3vil y el usuario que accede a su sitio web y aplicaci\u00f3n m\u00f3vil.","inLanguage":"es","potentialAction":[{"@type":"ReadAction","target":["https:\/\/tekkieuni.com\/es\/terms-and-conditions\/"]}]},{"@type":"WebSite","@id":"https:\/\/tekkieuni.com\/#website","url":"https:\/\/tekkieuni.com\/","name":"TekkieUni - Coding for Kids","description":"","potentialAction":[{"@type":"SearchAction","target":{"@type":"EntryPoint","urlTemplate":"https:\/\/tekkieuni.com\/?s={search_term_string}"},"query-input":{"@type":"PropertyValueSpecification","valueRequired":true,"valueName":"search_term_string"}}],"inLanguage":"es"}]}},"jetpack_sharing_enabled":true,"_links":{"self":[{"href":"https:\/\/tekkieuni.com\/es\/wp-json\/wp\/v2\/pages\/582","targetHints":{"allow":["GET"]}}],"collection":[{"href":"https:\/\/tekkieuni.com\/es\/wp-json\/wp\/v2\/pages"}],"about":[{"href":"https:\/\/tekkieuni.com\/es\/wp-json\/wp\/v2\/types\/page"}],"author":[{"embeddable":true,"href":"https:\/\/tekkieuni.com\/es\/wp-json\/wp\/v2\/users\/23"}],"replies":[{"embeddable":true,"href":"https:\/\/tekkieuni.com\/es\/wp-json\/wp\/v2\/comments?post=582"}],"version-history":[{"count":0,"href":"https:\/\/tekkieuni.com\/es\/wp-json\/wp\/v2\/pages\/582\/revisions"}],"wp:attachment":[{"href":"https:\/\/tekkieuni.com\/es\/wp-json\/wp\/v2\/media?parent=582"}],"curies":[{"name":"wp","href":"https:\/\/api.w.org\/{rel}","templated":true}]}}