{"id":10601,"date":"2019-04-30T07:15:39","date_gmt":"2019-04-30T07:15:39","guid":{"rendered":"https:\/\/tekkieuni.com\/why-coding\/"},"modified":"2023-04-24T14:09:51","modified_gmt":"2023-04-24T14:09:51","slug":"why-coding","status":"publish","type":"page","link":"https:\/\/tekkieuni.com\/fr\/why-coding\/","title":{"rendered":"Pourquoi apprendre \u00e0 coder"},"content":{"rendered":"","protected":false},"excerpt":{"rendered":"","protected":false},"author":10,"featured_media":0,"parent":0,"menu_order":0,"comment_status":"closed","ping_status":"closed","template":"templates\/page-why-coding.php","meta":{"_acf_changed":false,"inline_featured_image":false,"footnotes":""},"class_list":["post-10601","page","type-page","status-publish","hentry"],"acf":[],"yoast_head":"<!-- This site is optimized with the Yoast SEO plugin v25.0 - https:\/\/yoast.com\/wordpress\/plugins\/seo\/ -->\n<title>Pourquoi apprendre \u00e0 coder - TekkieUni - Coding for Kids<\/title>\n<meta name=\"description\" content=\"De nos jours, le codage constitue une comp\u00e9tence fondamentale, et tout comme l&#039;apprentissage de la lecture et de l&#039;\u00e9criture, il est pr\u00e9f\u00e9rable de commencer d\u00e8s le plus jeune \u00e2ge.\" \/>\n<meta name=\"robots\" content=\"index, follow, max-snippet:-1, max-image-preview:large, max-video-preview:-1\" \/>\n<link rel=\"canonical\" href=\"https:\/\/tekkieuni.com\/fr\/why-coding\/\" \/>\n<meta property=\"og:locale\" content=\"fr_FR\" \/>\n<meta property=\"og:type\" content=\"article\" \/>\n<meta property=\"og:title\" content=\"Pourquoi apprendre \u00e0 coder - TekkieUni - Coding for Kids\" \/>\n<meta property=\"og:description\" content=\"De nos jours, le codage constitue une comp\u00e9tence fondamentale, et tout comme l&#039;apprentissage de la lecture et de l&#039;\u00e9criture, il est pr\u00e9f\u00e9rable de commencer d\u00e8s le plus jeune \u00e2ge.\" \/>\n<meta property=\"og:url\" content=\"https:\/\/tekkieuni.com\/fr\/why-coding\/\" \/>\n<meta property=\"og:site_name\" content=\"TekkieUni - Coding for Kids\" \/>\n<meta property=\"article:publisher\" content=\"https:\/\/www.facebook.com\/TekkieUni\/\" \/>\n<meta property=\"article:modified_time\" content=\"2023-04-24T14:09:51+00:00\" \/>\n<meta name=\"twitter:card\" content=\"summary_large_image\" \/>\n<!-- \/ Yoast SEO plugin. -->","yoast_head_json":{"title":"Pourquoi apprendre \u00e0 coder - TekkieUni - Coding for Kids","description":"De nos jours, le codage constitue une comp\u00e9tence fondamentale, et tout comme l'apprentissage de la lecture et de l'\u00e9criture, il est pr\u00e9f\u00e9rable de commencer d\u00e8s le plus jeune \u00e2ge.","robots":{"index":"index","follow":"follow","max-snippet":"max-snippet:-1","max-image-preview":"max-image-preview:large","max-video-preview":"max-video-preview:-1"},"canonical":"https:\/\/tekkieuni.com\/fr\/why-coding\/","og_locale":"fr_FR","og_type":"article","og_title":"Pourquoi apprendre \u00e0 coder - TekkieUni - Coding for Kids","og_description":"De nos jours, le codage constitue une comp\u00e9tence fondamentale, et tout comme l'apprentissage de la lecture et de l'\u00e9criture, il est pr\u00e9f\u00e9rable de commencer d\u00e8s le plus jeune \u00e2ge.","og_url":"https:\/\/tekkieuni.com\/fr\/why-coding\/","og_site_name":"TekkieUni - Coding for Kids","article_publisher":"https:\/\/www.facebook.com\/TekkieUni\/","article_modified_time":"2023-04-24T14:09:51+00:00","twitter_card":"summary_large_image","schema":{"@context":"https:\/\/schema.org","@graph":[{"@type":"WebPage","@id":"https:\/\/tekkieuni.com\/fr\/why-coding\/","url":"https:\/\/tekkieuni.com\/fr\/why-coding\/","name":"Pourquoi apprendre \u00e0 coder - TekkieUni - Coding for Kids","isPartOf":{"@id":"https:\/\/tekkieuni.com\/#website"},"datePublished":"2019-04-30T07:15:39+00:00","dateModified":"2023-04-24T14:09:51+00:00","description":"De nos jours, le codage constitue une comp\u00e9tence fondamentale, et tout comme l'apprentissage de la lecture et de l'\u00e9criture, il est pr\u00e9f\u00e9rable de commencer d\u00e8s le plus jeune \u00e2ge.","inLanguage":"fr-FR","potentialAction":[{"@type":"ReadAction","target":["https:\/\/tekkieuni.com\/fr\/why-coding\/"]}]},{"@type":"WebSite","@id":"https:\/\/tekkieuni.com\/#website","url":"https:\/\/tekkieuni.com\/","name":"TekkieUni - Coding for Kids","description":"","potentialAction":[{"@type":"SearchAction","target":{"@type":"EntryPoint","urlTemplate":"https:\/\/tekkieuni.com\/?s={search_term_string}"},"query-input":{"@type":"PropertyValueSpecification","valueRequired":true,"valueName":"search_term_string"}}],"inLanguage":"fr-FR"}]}},"jetpack_sharing_enabled":true,"_links":{"self":[{"href":"https:\/\/tekkieuni.com\/fr\/wp-json\/wp\/v2\/pages\/10601","targetHints":{"allow":["GET"]}}],"collection":[{"href":"https:\/\/tekkieuni.com\/fr\/wp-json\/wp\/v2\/pages"}],"about":[{"href":"https:\/\/tekkieuni.com\/fr\/wp-json\/wp\/v2\/types\/page"}],"author":[{"embeddable":true,"href":"https:\/\/tekkieuni.com\/fr\/wp-json\/wp\/v2\/users\/10"}],"replies":[{"embeddable":true,"href":"https:\/\/tekkieuni.com\/fr\/wp-json\/wp\/v2\/comments?post=10601"}],"version-history":[{"count":0,"href":"https:\/\/tekkieuni.com\/fr\/wp-json\/wp\/v2\/pages\/10601\/revisions"}],"wp:attachment":[{"href":"https:\/\/tekkieuni.com\/fr\/wp-json\/wp\/v2\/media?parent=10601"}],"curies":[{"name":"wp","href":"https:\/\/api.w.org\/{rel}","templated":true}]}}