{"id":11720,"date":"2019-06-30T16:58:25","date_gmt":"2019-06-30T16:58:25","guid":{"rendered":"https:\/\/tekkieuni.com\/?page_id=11720"},"modified":"2023-10-02T14:01:14","modified_gmt":"2023-10-02T14:01:14","slug":"cancellation-policy","status":"publish","type":"page","link":"https:\/\/tekkieuni.com\/fr\/terms-and-conditions\/cancellation-policy\/","title":{"rendered":"CONDITIONS D\u2019ANNULATION"},"content":{"rendered":"<p>Votre satisfaction est primordiale\u00a0! Si vous rencontrez des probl\u00e8mes avec votre cours, veuillez contacter notre service client qui se chargera de vous venir en aide.\ud83d\ude0a<\/p>\n<p><strong>\u00a0<\/strong><\/p>\n<p><strong>Politique d&rsquo;annulation <\/strong><\/p>\n<p><a href=\"https:\/\/lp.eteachergroup.com\/lp-student-terms-and-conditions-fr.html\">https:\/\/lp.eteachergroup.com\/lp-student-terms-and-conditions-fr.html<\/a><\/p>\n<p>&nbsp;<\/p>\n<p><strong>Changement d\u2019horaire et accessibilit\u00e9 aux cours particuliers<\/strong><\/p>\n<p>&nbsp;<\/p>\n<p>Si vous souhaitez reprogrammer un cours particulier, veuillez en informer votre professeur ou le service client d&rsquo;eTeacher<u> (<\/u><a href=\"mailto:service@eteachergroup.com\"><strong>service@eteachergroup.com<\/strong><\/a>) au moins 12\u00a0heures avant la session pr\u00e9vue. Les le\u00e7ons qui ont \u00e9t\u00e9 annul\u00e9es sans pr\u00e9avis sont d\u00e9duites du nombre total d&rsquo;heures auxquelles l&rsquo;\u00e9tudiant a droit. Les cours particuliers sont valables un\u00a0an \u00e0 compter de la date d\u2019inscription.<\/p>\n<p>&nbsp;<\/p>\n<p>Dans le cas o\u00f9 Tekkie\u00a0Uni d\u00e9cide d&rsquo;annuler un cours (une telle d\u00e9cision est enti\u00e8rement \u00e0 la discr\u00e9tion de la direction), les paiements des inscrits seront int\u00e9gralement rembours\u00e9s.<\/p>\n<p>Les remboursements susmentionn\u00e9s sont les seuls accord\u00e9s aux personnes qui annulent leur cours.<\/p>\n<p>&nbsp;<\/p>\n","protected":false},"excerpt":{"rendered":"<p>Votre satisfaction est primordiale\u00a0! Si vous rencontrez des probl\u00e8mes avec votre cours, veuillez contacter notre service client qui se chargera de vous venir en aide.\ud83d\ude0a \u00a0 Politique d&rsquo;annulation https:\/\/lp.eteachergroup.com\/lp-student-terms-and-conditions-fr.html &nbsp; Changement d\u2019horaire et accessibilit\u00e9 aux cours particuliers &nbsp; Si vous souhaitez reprogrammer un cours particulier, veuillez en informer votre professeur ou le service client d&rsquo;eTeacher [&hellip;]<\/p>\n","protected":false},"author":31,"featured_media":0,"parent":581,"menu_order":0,"comment_status":"closed","ping_status":"closed","template":"","meta":{"_acf_changed":false,"inline_featured_image":false,"footnotes":""},"class_list":["post-11720","page","type-page","status-publish","hentry"],"acf":[],"yoast_head":"<!-- This site is optimized with the Yoast SEO plugin v25.0 - https:\/\/yoast.com\/wordpress\/plugins\/seo\/ -->\n<title>Conditions d&#039;annulation - P\u00e9riode d&#039;essai incluse - Tekkie Uni<\/title>\n<meta name=\"description\" content=\"La politique d&#039;annulation d\u00e9finit les conditions en cas d&#039;annulation de votre inscription, p\u00e9riode d&#039;essai incluse.\" \/>\n<meta name=\"robots\" content=\"index, follow, max-snippet:-1, max-image-preview:large, max-video-preview:-1\" \/>\n<link rel=\"canonical\" href=\"https:\/\/tekkieuni.com\/fr\/terms-and-conditions\/cancellation-policy\/\" \/>\n<meta property=\"og:locale\" content=\"fr_FR\" \/>\n<meta property=\"og:type\" content=\"article\" \/>\n<meta property=\"og:title\" content=\"Conditions d&#039;annulation - P\u00e9riode d&#039;essai incluse - Tekkie Uni\" \/>\n<meta property=\"og:description\" content=\"La politique d&#039;annulation d\u00e9finit les conditions en cas d&#039;annulation de votre inscription, p\u00e9riode d&#039;essai incluse.\" \/>\n<meta property=\"og:url\" content=\"https:\/\/tekkieuni.com\/fr\/terms-and-conditions\/cancellation-policy\/\" \/>\n<meta property=\"og:site_name\" content=\"TekkieUni - Coding for Kids\" \/>\n<meta property=\"article:publisher\" content=\"https:\/\/www.facebook.com\/TekkieUni\/\" \/>\n<meta property=\"article:modified_time\" content=\"2023-10-02T14:01:14+00:00\" \/>\n<meta name=\"twitter:card\" content=\"summary_large_image\" \/>\n<meta name=\"twitter:label1\" content=\"Dur\u00e9e de lecture estim\u00e9e\" \/>\n\t<meta name=\"twitter:data1\" content=\"1 minute\" \/>\n<!-- \/ Yoast SEO plugin. -->","yoast_head_json":{"title":"Conditions d'annulation - P\u00e9riode d'essai incluse - Tekkie Uni","description":"La politique d'annulation d\u00e9finit les conditions en cas d'annulation de votre inscription, p\u00e9riode d'essai incluse.","robots":{"index":"index","follow":"follow","max-snippet":"max-snippet:-1","max-image-preview":"max-image-preview:large","max-video-preview":"max-video-preview:-1"},"canonical":"https:\/\/tekkieuni.com\/fr\/terms-and-conditions\/cancellation-policy\/","og_locale":"fr_FR","og_type":"article","og_title":"Conditions d'annulation - P\u00e9riode d'essai incluse - Tekkie Uni","og_description":"La politique d'annulation d\u00e9finit les conditions en cas d'annulation de votre inscription, p\u00e9riode d'essai incluse.","og_url":"https:\/\/tekkieuni.com\/fr\/terms-and-conditions\/cancellation-policy\/","og_site_name":"TekkieUni - Coding for Kids","article_publisher":"https:\/\/www.facebook.com\/TekkieUni\/","article_modified_time":"2023-10-02T14:01:14+00:00","twitter_card":"summary_large_image","twitter_misc":{"Dur\u00e9e de lecture estim\u00e9e":"1 minute"},"schema":{"@context":"https:\/\/schema.org","@graph":[{"@type":"WebPage","@id":"https:\/\/tekkieuni.com\/fr\/terms-and-conditions\/cancellation-policy\/","url":"https:\/\/tekkieuni.com\/fr\/terms-and-conditions\/cancellation-policy\/","name":"Conditions d'annulation - P\u00e9riode d'essai incluse - Tekkie Uni","isPartOf":{"@id":"https:\/\/tekkieuni.com\/#website"},"datePublished":"2019-06-30T16:58:25+00:00","dateModified":"2023-10-02T14:01:14+00:00","description":"La politique d'annulation d\u00e9finit les conditions en cas d'annulation de votre inscription, p\u00e9riode d'essai incluse.","breadcrumb":{"@id":"https:\/\/tekkieuni.com\/fr\/terms-and-conditions\/cancellation-policy\/#breadcrumb"},"inLanguage":"fr-FR","potentialAction":[{"@type":"ReadAction","target":["https:\/\/tekkieuni.com\/fr\/terms-and-conditions\/cancellation-policy\/"]}]},{"@type":"BreadcrumbList","@id":"https:\/\/tekkieuni.com\/fr\/terms-and-conditions\/cancellation-policy\/#breadcrumb","itemListElement":[{"@type":"ListItem","position":1,"name":"TERMES ET CONDITIONS","item":"https:\/\/tekkieuni.com\/fr\/terms-and-conditions\/"},{"@type":"ListItem","position":2,"name":"CONDITIONS D\u2019ANNULATION"}]},{"@type":"WebSite","@id":"https:\/\/tekkieuni.com\/#website","url":"https:\/\/tekkieuni.com\/","name":"TekkieUni - Coding for Kids","description":"","potentialAction":[{"@type":"SearchAction","target":{"@type":"EntryPoint","urlTemplate":"https:\/\/tekkieuni.com\/?s={search_term_string}"},"query-input":{"@type":"PropertyValueSpecification","valueRequired":true,"valueName":"search_term_string"}}],"inLanguage":"fr-FR"}]}},"jetpack_sharing_enabled":true,"_links":{"self":[{"href":"https:\/\/tekkieuni.com\/fr\/wp-json\/wp\/v2\/pages\/11720","targetHints":{"allow":["GET"]}}],"collection":[{"href":"https:\/\/tekkieuni.com\/fr\/wp-json\/wp\/v2\/pages"}],"about":[{"href":"https:\/\/tekkieuni.com\/fr\/wp-json\/wp\/v2\/types\/page"}],"author":[{"embeddable":true,"href":"https:\/\/tekkieuni.com\/fr\/wp-json\/wp\/v2\/users\/31"}],"replies":[{"embeddable":true,"href":"https:\/\/tekkieuni.com\/fr\/wp-json\/wp\/v2\/comments?post=11720"}],"version-history":[{"count":0,"href":"https:\/\/tekkieuni.com\/fr\/wp-json\/wp\/v2\/pages\/11720\/revisions"}],"up":[{"embeddable":true,"href":"https:\/\/tekkieuni.com\/fr\/wp-json\/wp\/v2\/pages\/581"}],"wp:attachment":[{"href":"https:\/\/tekkieuni.com\/fr\/wp-json\/wp\/v2\/media?parent=11720"}],"curies":[{"name":"wp","href":"https:\/\/api.w.org\/{rel}","templated":true}]}}