{"id":1225,"date":"2017-06-07T12:57:00","date_gmt":"2017-06-07T12:57:00","guid":{"rendered":"http:\/\/tekkieuni.com\/fr\/?page_id=1225"},"modified":"2021-01-13T08:03:43","modified_gmt":"2021-01-13T08:03:43","slug":"team","status":"publish","type":"page","link":"https:\/\/tekkieuni.com\/fr\/team\/","title":{"rendered":"Rencontrez l\u2019\u00e9quipe Tekkie"},"content":{"rendered":"","protected":false},"excerpt":{"rendered":"","protected":false},"author":31,"featured_media":0,"parent":0,"menu_order":0,"comment_status":"closed","ping_status":"closed","template":"templates\/page-team.php","meta":{"_acf_changed":false,"inline_featured_image":false,"footnotes":""},"class_list":["post-1225","page","type-page","status-publish","hentry"],"acf":[],"yoast_head":"<!-- This site is optimized with the Yoast SEO plugin v25.0 - https:\/\/yoast.com\/wordpress\/plugins\/seo\/ -->\n<title>Les meilleurs enseignants de codage en ligne - Tekkie Uni<\/title>\n<meta name=\"description\" content=\"Nos enseignants et tuteurs sont connus pour l&#039;enseignement du codage offert aux enfants. Ils sont passionn\u00e9s par le codage et la programmation et se soucient d&#039;offrir \u00e0 nos \u00e9tudiants une exp\u00e9rience d&#039;apprentissage positive et gratifiante. Connectez-vous \u00e0 un enseignant pr\u00e8s de chez vous aujourd&#039;hui m\u00eame.\" \/>\n<meta name=\"robots\" content=\"index, follow, max-snippet:-1, max-image-preview:large, max-video-preview:-1\" \/>\n<link rel=\"canonical\" href=\"https:\/\/tekkieuni.com\/fr\/team\/\" \/>\n<meta property=\"og:locale\" content=\"fr_FR\" \/>\n<meta property=\"og:type\" content=\"article\" \/>\n<meta property=\"og:title\" content=\"Les meilleurs enseignants de codage en ligne - Tekkie Uni\" \/>\n<meta property=\"og:description\" content=\"Nos enseignants et tuteurs sont connus pour l&#039;enseignement du codage offert aux enfants. Ils sont passionn\u00e9s par le codage et la programmation et se soucient d&#039;offrir \u00e0 nos \u00e9tudiants une exp\u00e9rience d&#039;apprentissage positive et gratifiante. Connectez-vous \u00e0 un enseignant pr\u00e8s de chez vous aujourd&#039;hui m\u00eame.\" \/>\n<meta property=\"og:url\" content=\"https:\/\/tekkieuni.com\/fr\/team\/\" \/>\n<meta property=\"og:site_name\" content=\"TekkieUni - Coding for Kids\" \/>\n<meta property=\"article:publisher\" content=\"https:\/\/www.facebook.com\/TekkieUni\/\" \/>\n<meta property=\"article:modified_time\" content=\"2021-01-13T08:03:43+00:00\" \/>\n<meta name=\"twitter:card\" content=\"summary_large_image\" \/>\n<!-- \/ Yoast SEO plugin. -->","yoast_head_json":{"title":"Les meilleurs enseignants de codage en ligne - Tekkie Uni","description":"Nos enseignants et tuteurs sont connus pour l'enseignement du codage offert aux enfants. Ils sont passionn\u00e9s par le codage et la programmation et se soucient d'offrir \u00e0 nos \u00e9tudiants une exp\u00e9rience d'apprentissage positive et gratifiante. Connectez-vous \u00e0 un enseignant pr\u00e8s de chez vous aujourd'hui m\u00eame.","robots":{"index":"index","follow":"follow","max-snippet":"max-snippet:-1","max-image-preview":"max-image-preview:large","max-video-preview":"max-video-preview:-1"},"canonical":"https:\/\/tekkieuni.com\/fr\/team\/","og_locale":"fr_FR","og_type":"article","og_title":"Les meilleurs enseignants de codage en ligne - Tekkie Uni","og_description":"Nos enseignants et tuteurs sont connus pour l'enseignement du codage offert aux enfants. Ils sont passionn\u00e9s par le codage et la programmation et se soucient d'offrir \u00e0 nos \u00e9tudiants une exp\u00e9rience d'apprentissage positive et gratifiante. Connectez-vous \u00e0 un enseignant pr\u00e8s de chez vous aujourd'hui m\u00eame.","og_url":"https:\/\/tekkieuni.com\/fr\/team\/","og_site_name":"TekkieUni - Coding for Kids","article_publisher":"https:\/\/www.facebook.com\/TekkieUni\/","article_modified_time":"2021-01-13T08:03:43+00:00","twitter_card":"summary_large_image","schema":{"@context":"https:\/\/schema.org","@graph":[{"@type":"WebPage","@id":"https:\/\/tekkieuni.com\/fr\/team\/","url":"https:\/\/tekkieuni.com\/fr\/team\/","name":"Les meilleurs enseignants de codage en ligne - Tekkie Uni","isPartOf":{"@id":"https:\/\/tekkieuni.com\/#website"},"datePublished":"2017-06-07T12:57:00+00:00","dateModified":"2021-01-13T08:03:43+00:00","description":"Nos enseignants et tuteurs sont connus pour l'enseignement du codage offert aux enfants. Ils sont passionn\u00e9s par le codage et la programmation et se soucient d'offrir \u00e0 nos \u00e9tudiants une exp\u00e9rience d'apprentissage positive et gratifiante. Connectez-vous \u00e0 un enseignant pr\u00e8s de chez vous aujourd'hui m\u00eame.","inLanguage":"fr-FR","potentialAction":[{"@type":"ReadAction","target":["https:\/\/tekkieuni.com\/fr\/team\/"]}]},{"@type":"WebSite","@id":"https:\/\/tekkieuni.com\/#website","url":"https:\/\/tekkieuni.com\/","name":"TekkieUni - Coding for Kids","description":"","potentialAction":[{"@type":"SearchAction","target":{"@type":"EntryPoint","urlTemplate":"https:\/\/tekkieuni.com\/?s={search_term_string}"},"query-input":{"@type":"PropertyValueSpecification","valueRequired":true,"valueName":"search_term_string"}}],"inLanguage":"fr-FR"}]}},"jetpack_sharing_enabled":true,"_links":{"self":[{"href":"https:\/\/tekkieuni.com\/fr\/wp-json\/wp\/v2\/pages\/1225","targetHints":{"allow":["GET"]}}],"collection":[{"href":"https:\/\/tekkieuni.com\/fr\/wp-json\/wp\/v2\/pages"}],"about":[{"href":"https:\/\/tekkieuni.com\/fr\/wp-json\/wp\/v2\/types\/page"}],"author":[{"embeddable":true,"href":"https:\/\/tekkieuni.com\/fr\/wp-json\/wp\/v2\/users\/31"}],"replies":[{"embeddable":true,"href":"https:\/\/tekkieuni.com\/fr\/wp-json\/wp\/v2\/comments?post=1225"}],"version-history":[{"count":0,"href":"https:\/\/tekkieuni.com\/fr\/wp-json\/wp\/v2\/pages\/1225\/revisions"}],"wp:attachment":[{"href":"https:\/\/tekkieuni.com\/fr\/wp-json\/wp\/v2\/media?parent=1225"}],"curies":[{"name":"wp","href":"https:\/\/api.w.org\/{rel}","templated":true}]}}