{"id":1272,"date":"2017-06-07T13:03:26","date_gmt":"2017-06-07T13:03:26","guid":{"rendered":"http:\/\/tekkieuni.com\/fr\/graduates\/"},"modified":"2020-12-23T09:36:12","modified_gmt":"2020-12-23T09:36:12","slug":"graduates","status":"publish","type":"page","link":"https:\/\/tekkieuni.com\/fr\/graduates\/","title":{"rendered":"Dipl\u00f4m\u00e9s"},"content":{"rendered":"","protected":false},"excerpt":{"rendered":"","protected":false},"author":31,"featured_media":0,"parent":0,"menu_order":0,"comment_status":"closed","ping_status":"closed","template":"templates\/page-graduates.php","meta":{"_acf_changed":false,"inline_featured_image":false,"footnotes":""},"class_list":["post-1272","page","type-page","status-publish","hentry"],"acf":[],"yoast_head":"<!-- This site is optimized with the Yoast SEO plugin v25.0 - https:\/\/yoast.com\/wordpress\/plugins\/seo\/ -->\n<title>Nos dipl\u00f4m\u00e9s - Comment ils ont d\u00e9but\u00e9 et ce qu&#039;ils font maintenant<\/title>\n<meta name=\"description\" content=\"Nous sommes tr\u00e8s fiers de nos dipl\u00f4m\u00e9s ! D\u00e9couvrez les t\u00e9moignages fascinants de nos anciens \u00e9l\u00e8ves qui ont particip\u00e9 \u00e0 nos diff\u00e9rents programmes. Lorsqu&#039;ils ont d\u00e9but\u00e9, ils n&#039;avaient aucune ou tr\u00e8s peu de notions de programmation, mais maintenant, ce sont de jeunes innovateurs ambitieux avec une grande exp\u00e9rience dans ce milieu.\" \/>\n<meta name=\"robots\" content=\"index, follow, max-snippet:-1, max-image-preview:large, max-video-preview:-1\" \/>\n<link rel=\"canonical\" href=\"https:\/\/tekkieuni.com\/fr\/graduates\/\" \/>\n<meta property=\"og:locale\" content=\"fr_FR\" \/>\n<meta property=\"og:type\" content=\"article\" \/>\n<meta property=\"og:title\" content=\"Nos dipl\u00f4m\u00e9s - Comment ils ont d\u00e9but\u00e9 et ce qu&#039;ils font maintenant\" \/>\n<meta property=\"og:description\" content=\"Nous sommes tr\u00e8s fiers de nos dipl\u00f4m\u00e9s ! D\u00e9couvrez les t\u00e9moignages fascinants de nos anciens \u00e9l\u00e8ves qui ont particip\u00e9 \u00e0 nos diff\u00e9rents programmes. Lorsqu&#039;ils ont d\u00e9but\u00e9, ils n&#039;avaient aucune ou tr\u00e8s peu de notions de programmation, mais maintenant, ce sont de jeunes innovateurs ambitieux avec une grande exp\u00e9rience dans ce milieu.\" \/>\n<meta property=\"og:url\" content=\"https:\/\/tekkieuni.com\/fr\/graduates\/\" \/>\n<meta property=\"og:site_name\" content=\"TekkieUni - Coding for Kids\" \/>\n<meta property=\"article:publisher\" content=\"https:\/\/www.facebook.com\/TekkieUni\/\" \/>\n<meta property=\"article:modified_time\" content=\"2020-12-23T09:36:12+00:00\" \/>\n<meta name=\"twitter:card\" content=\"summary_large_image\" \/>\n<!-- \/ Yoast SEO plugin. -->","yoast_head_json":{"title":"Nos dipl\u00f4m\u00e9s - Comment ils ont d\u00e9but\u00e9 et ce qu'ils font maintenant","description":"Nous sommes tr\u00e8s fiers de nos dipl\u00f4m\u00e9s ! D\u00e9couvrez les t\u00e9moignages fascinants de nos anciens \u00e9l\u00e8ves qui ont particip\u00e9 \u00e0 nos diff\u00e9rents programmes. Lorsqu'ils ont d\u00e9but\u00e9, ils n'avaient aucune ou tr\u00e8s peu de notions de programmation, mais maintenant, ce sont de jeunes innovateurs ambitieux avec une grande exp\u00e9rience dans ce milieu.","robots":{"index":"index","follow":"follow","max-snippet":"max-snippet:-1","max-image-preview":"max-image-preview:large","max-video-preview":"max-video-preview:-1"},"canonical":"https:\/\/tekkieuni.com\/fr\/graduates\/","og_locale":"fr_FR","og_type":"article","og_title":"Nos dipl\u00f4m\u00e9s - Comment ils ont d\u00e9but\u00e9 et ce qu'ils font maintenant","og_description":"Nous sommes tr\u00e8s fiers de nos dipl\u00f4m\u00e9s ! D\u00e9couvrez les t\u00e9moignages fascinants de nos anciens \u00e9l\u00e8ves qui ont particip\u00e9 \u00e0 nos diff\u00e9rents programmes. Lorsqu'ils ont d\u00e9but\u00e9, ils n'avaient aucune ou tr\u00e8s peu de notions de programmation, mais maintenant, ce sont de jeunes innovateurs ambitieux avec une grande exp\u00e9rience dans ce milieu.","og_url":"https:\/\/tekkieuni.com\/fr\/graduates\/","og_site_name":"TekkieUni - Coding for Kids","article_publisher":"https:\/\/www.facebook.com\/TekkieUni\/","article_modified_time":"2020-12-23T09:36:12+00:00","twitter_card":"summary_large_image","schema":{"@context":"https:\/\/schema.org","@graph":[{"@type":"WebPage","@id":"https:\/\/tekkieuni.com\/fr\/graduates\/","url":"https:\/\/tekkieuni.com\/fr\/graduates\/","name":"Nos dipl\u00f4m\u00e9s - Comment ils ont d\u00e9but\u00e9 et ce qu'ils font maintenant","isPartOf":{"@id":"https:\/\/tekkieuni.com\/#website"},"datePublished":"2017-06-07T13:03:26+00:00","dateModified":"2020-12-23T09:36:12+00:00","description":"Nous sommes tr\u00e8s fiers de nos dipl\u00f4m\u00e9s ! D\u00e9couvrez les t\u00e9moignages fascinants de nos anciens \u00e9l\u00e8ves qui ont particip\u00e9 \u00e0 nos diff\u00e9rents programmes. Lorsqu'ils ont d\u00e9but\u00e9, ils n'avaient aucune ou tr\u00e8s peu de notions de programmation, mais maintenant, ce sont de jeunes innovateurs ambitieux avec une grande exp\u00e9rience dans ce milieu.","inLanguage":"fr-FR","potentialAction":[{"@type":"ReadAction","target":["https:\/\/tekkieuni.com\/fr\/graduates\/"]}]},{"@type":"WebSite","@id":"https:\/\/tekkieuni.com\/#website","url":"https:\/\/tekkieuni.com\/","name":"TekkieUni - Coding for Kids","description":"","potentialAction":[{"@type":"SearchAction","target":{"@type":"EntryPoint","urlTemplate":"https:\/\/tekkieuni.com\/?s={search_term_string}"},"query-input":{"@type":"PropertyValueSpecification","valueRequired":true,"valueName":"search_term_string"}}],"inLanguage":"fr-FR"}]}},"jetpack_sharing_enabled":true,"_links":{"self":[{"href":"https:\/\/tekkieuni.com\/fr\/wp-json\/wp\/v2\/pages\/1272","targetHints":{"allow":["GET"]}}],"collection":[{"href":"https:\/\/tekkieuni.com\/fr\/wp-json\/wp\/v2\/pages"}],"about":[{"href":"https:\/\/tekkieuni.com\/fr\/wp-json\/wp\/v2\/types\/page"}],"author":[{"embeddable":true,"href":"https:\/\/tekkieuni.com\/fr\/wp-json\/wp\/v2\/users\/31"}],"replies":[{"embeddable":true,"href":"https:\/\/tekkieuni.com\/fr\/wp-json\/wp\/v2\/comments?post=1272"}],"version-history":[{"count":0,"href":"https:\/\/tekkieuni.com\/fr\/wp-json\/wp\/v2\/pages\/1272\/revisions"}],"wp:attachment":[{"href":"https:\/\/tekkieuni.com\/fr\/wp-json\/wp\/v2\/media?parent=1272"}],"curies":[{"name":"wp","href":"https:\/\/api.w.org\/{rel}","templated":true}]}}