{"id":1389,"date":"2017-06-11T10:48:59","date_gmt":"2017-06-11T10:48:59","guid":{"rendered":"http:\/\/tekkieuni.com\/fr\/reviews-dev\/"},"modified":"2021-10-24T11:36:47","modified_gmt":"2021-10-24T11:36:47","slug":"reviews","status":"publish","type":"page","link":"https:\/\/tekkieuni.com\/fr\/reviews\/","title":{"rendered":"Avis"},"content":{"rendered":"","protected":false},"excerpt":{"rendered":"","protected":false},"author":31,"featured_media":0,"parent":0,"menu_order":0,"comment_status":"closed","ping_status":"closed","template":"templates\/page-reviews.php","meta":{"_acf_changed":false,"inline_featured_image":false,"footnotes":""},"class_list":["post-1389","page","type-page","status-publish","hentry"],"acf":[],"yoast_head":"<!-- This site is optimized with the Yoast SEO plugin v25.0 - https:\/\/yoast.com\/wordpress\/plugins\/seo\/ -->\n<title>Commentaires des \u00e9l\u00e8ves de Tekkie Uni - \u00c9coutez leurs t\u00e9moignages !<\/title>\n<meta name=\"description\" content=\"Les \u00e9l\u00e8ves de Tekkie Uni publient des commentaires sur leur exp\u00e9rience unique des cours en ligne que nous offrons. Faites-vous votre propre opinion : \u00e9coutez ce que nos \u00e9l\u00e8ves ont \u00e0 dire ! D\u00e9couvrez les avis des dipl\u00f4m\u00e9s qui savent maintenant coder et qui jouent au quotidien.\" \/>\n<meta name=\"robots\" content=\"index, follow, max-snippet:-1, max-image-preview:large, max-video-preview:-1\" \/>\n<link rel=\"canonical\" href=\"https:\/\/tekkieuni.com\/fr\/reviews\/\" \/>\n<meta property=\"og:locale\" content=\"fr_FR\" \/>\n<meta property=\"og:type\" content=\"article\" \/>\n<meta property=\"og:title\" content=\"Commentaires des \u00e9l\u00e8ves de Tekkie Uni - \u00c9coutez leurs t\u00e9moignages !\" \/>\n<meta property=\"og:description\" content=\"Les \u00e9l\u00e8ves de Tekkie Uni publient des commentaires sur leur exp\u00e9rience unique des cours en ligne que nous offrons. Faites-vous votre propre opinion : \u00e9coutez ce que nos \u00e9l\u00e8ves ont \u00e0 dire ! D\u00e9couvrez les avis des dipl\u00f4m\u00e9s qui savent maintenant coder et qui jouent au quotidien.\" \/>\n<meta property=\"og:url\" content=\"https:\/\/tekkieuni.com\/fr\/reviews\/\" \/>\n<meta property=\"og:site_name\" content=\"TekkieUni - Coding for Kids\" \/>\n<meta property=\"article:publisher\" content=\"https:\/\/www.facebook.com\/TekkieUni\/\" \/>\n<meta property=\"article:modified_time\" content=\"2021-10-24T11:36:47+00:00\" \/>\n<meta name=\"twitter:card\" content=\"summary_large_image\" \/>\n<!-- \/ Yoast SEO plugin. -->","yoast_head_json":{"title":"Commentaires des \u00e9l\u00e8ves de Tekkie Uni - \u00c9coutez leurs t\u00e9moignages !","description":"Les \u00e9l\u00e8ves de Tekkie Uni publient des commentaires sur leur exp\u00e9rience unique des cours en ligne que nous offrons. Faites-vous votre propre opinion : \u00e9coutez ce que nos \u00e9l\u00e8ves ont \u00e0 dire ! D\u00e9couvrez les avis des dipl\u00f4m\u00e9s qui savent maintenant coder et qui jouent au quotidien.","robots":{"index":"index","follow":"follow","max-snippet":"max-snippet:-1","max-image-preview":"max-image-preview:large","max-video-preview":"max-video-preview:-1"},"canonical":"https:\/\/tekkieuni.com\/fr\/reviews\/","og_locale":"fr_FR","og_type":"article","og_title":"Commentaires des \u00e9l\u00e8ves de Tekkie Uni - \u00c9coutez leurs t\u00e9moignages !","og_description":"Les \u00e9l\u00e8ves de Tekkie Uni publient des commentaires sur leur exp\u00e9rience unique des cours en ligne que nous offrons. Faites-vous votre propre opinion : \u00e9coutez ce que nos \u00e9l\u00e8ves ont \u00e0 dire ! D\u00e9couvrez les avis des dipl\u00f4m\u00e9s qui savent maintenant coder et qui jouent au quotidien.","og_url":"https:\/\/tekkieuni.com\/fr\/reviews\/","og_site_name":"TekkieUni - Coding for Kids","article_publisher":"https:\/\/www.facebook.com\/TekkieUni\/","article_modified_time":"2021-10-24T11:36:47+00:00","twitter_card":"summary_large_image","schema":{"@context":"https:\/\/schema.org","@graph":[{"@type":"WebPage","@id":"https:\/\/tekkieuni.com\/fr\/reviews\/","url":"https:\/\/tekkieuni.com\/fr\/reviews\/","name":"Commentaires des \u00e9l\u00e8ves de Tekkie Uni - \u00c9coutez leurs t\u00e9moignages !","isPartOf":{"@id":"https:\/\/tekkieuni.com\/#website"},"datePublished":"2017-06-11T10:48:59+00:00","dateModified":"2021-10-24T11:36:47+00:00","description":"Les \u00e9l\u00e8ves de Tekkie Uni publient des commentaires sur leur exp\u00e9rience unique des cours en ligne que nous offrons. Faites-vous votre propre opinion : \u00e9coutez ce que nos \u00e9l\u00e8ves ont \u00e0 dire ! D\u00e9couvrez les avis des dipl\u00f4m\u00e9s qui savent maintenant coder et qui jouent au quotidien.","inLanguage":"fr-FR","potentialAction":[{"@type":"ReadAction","target":["https:\/\/tekkieuni.com\/fr\/reviews\/"]}]},{"@type":"WebSite","@id":"https:\/\/tekkieuni.com\/#website","url":"https:\/\/tekkieuni.com\/","name":"TekkieUni - Coding for Kids","description":"","potentialAction":[{"@type":"SearchAction","target":{"@type":"EntryPoint","urlTemplate":"https:\/\/tekkieuni.com\/?s={search_term_string}"},"query-input":{"@type":"PropertyValueSpecification","valueRequired":true,"valueName":"search_term_string"}}],"inLanguage":"fr-FR"}]}},"jetpack_sharing_enabled":true,"_links":{"self":[{"href":"https:\/\/tekkieuni.com\/fr\/wp-json\/wp\/v2\/pages\/1389","targetHints":{"allow":["GET"]}}],"collection":[{"href":"https:\/\/tekkieuni.com\/fr\/wp-json\/wp\/v2\/pages"}],"about":[{"href":"https:\/\/tekkieuni.com\/fr\/wp-json\/wp\/v2\/types\/page"}],"author":[{"embeddable":true,"href":"https:\/\/tekkieuni.com\/fr\/wp-json\/wp\/v2\/users\/31"}],"replies":[{"embeddable":true,"href":"https:\/\/tekkieuni.com\/fr\/wp-json\/wp\/v2\/comments?post=1389"}],"version-history":[{"count":0,"href":"https:\/\/tekkieuni.com\/fr\/wp-json\/wp\/v2\/pages\/1389\/revisions"}],"wp:attachment":[{"href":"https:\/\/tekkieuni.com\/fr\/wp-json\/wp\/v2\/media?parent=1389"}],"curies":[{"name":"wp","href":"https:\/\/api.w.org\/{rel}","templated":true}]}}