{"id":1502,"date":"2017-09-03T10:44:27","date_gmt":"2017-09-03T10:44:27","guid":{"rendered":"http:\/\/tekkieuni.com\/fr\/terms-of-use\/cancellation-policy\/"},"modified":"2022-01-27T15:25:03","modified_gmt":"2022-01-27T15:25:03","slug":"cancellation-policy-nt-archive","status":"publish","type":"page","link":"https:\/\/tekkieuni.com\/fr\/terms-and-conditions\/cancellation-policy-nt-archive\/","title":{"rendered":"POLITIQUE D\u2019ANNULATION (NT) (Archiver)"},"content":{"rendered":"<p>Votre satisfaction est primordiale\u00a0! Si vous rencontrez des probl\u00e8mes avec votre cours, veuillez contacter notre service client qui se chargera de vous venir en aide.\ud83d\ude0a<\/p>\n<p><strong>\u00a0<\/strong><\/p>\n<p><strong>Politique d&rsquo;annulation \u2013 Cours\u00a0<\/strong><\/p>\n<p><strong>\u00a0<\/strong><\/p>\n<p>Veuillez noter que les 2\u00a0premi\u00e8res le\u00e7ons sont des le\u00e7ons d&rsquo;essai. Si vous d\u00e9cidez d\u2019annuler vos cours, vous avez droit \u00e0 un remboursement partiel selon les conditions suivantes\u00a0:<\/p>\n<p>&nbsp;<\/p>\n<ul>\n<li><strong>Remboursement complet (montant d\u00fb pour les frais de scolarit\u00e9\u202f\u00a0: 0\u202f\u00a0%)\u00a0:<\/strong>\u00a0Jusqu&rsquo;\u00e0 la troisi\u00e8me\u00a0le\u00e7on de votre cours.<\/li>\n<li><strong>Remboursement partiel (% partiel des frais de scolarit\u00e9)\u00a0:<\/strong>\u00a0Entre les le\u00e7ons\u00a03 et 20\u00a0de votre cours, vous aurez droit \u00e0 un remboursement au pro rata qui sera calcul\u00e9 en fonction du nombre de le\u00e7ons suivies, plus le co\u00fbt de 4\u00a0le\u00e7ons (\u00e9quivalent d&rsquo;un\u00a0mois suppl\u00e9mentaire).<\/li>\n<li><strong>Remboursement \u00e0 0\u00a0% (100\u00a0% des frais de scolarit\u00e9 dus)\u00a0:<\/strong>\u00a0Apr\u00e8s la le\u00e7on\u00a020.<\/li>\n<\/ul>\n<p>&nbsp;<\/p>\n<p><strong>Politique d&rsquo;annulation &#8211; Stages et ateliers de codage<\/strong><\/p>\n<p>&nbsp;<\/p>\n<p>Veuillez noter que la premi\u00e8re le\u00e7on est consid\u00e9r\u00e9e comme une le\u00e7on d&rsquo;essai. Si vous avez d\u00e9cid\u00e9 d&rsquo;annuler votre stage\/atelier, vous avez droit \u00e0 un remboursement partiel selon les conditions suivantes\u00a0:<\/p>\n<p>&nbsp;<\/p>\n<ul>\n<li><strong>Remboursement complet (montant d\u00fb pour les frais de scolarit\u00e9\u202f\u00a0: 0\u202f\u00a0%)\u00a0:<\/strong>\u00a0Jusqu&rsquo;\u00e0 la deuxi\u00e8me\u00a0le\u00e7on de votre cours.<\/li>\n<li><strong>Remboursement \u00e0 0\u00a0% (100\u00a0% des frais de scolarit\u00e9 dus)\u00a0:<\/strong>\u00a0Apr\u00e8s la le\u00e7on\u00a02.<\/li>\n<\/ul>\n<p><strong>\u00a0<\/strong><\/p>\n<p><strong>Politique d&rsquo;annulation &#8211; Cours particuliers<\/strong><\/p>\n<p><strong>\u00a0<\/strong><\/p>\n<p>Veuillez noter que la premi\u00e8re\u00a0le\u00e7on est une le\u00e7on d\u2019essai. Si vous d\u00e9cidez d\u2019annuler vos cours, vous avez droit \u00e0 un remboursement partiel selon les conditions suivantes\u00a0:<\/p>\n<p>&nbsp;<\/p>\n<ul>\n<li><strong>Remboursement complet (montant d\u00fb pour les frais de scolarit\u00e9\u202f\u00a0: 0\u202f\u00a0%)\u00a0:<\/strong>\u00a0Jusqu&rsquo;\u00e0 votre deuxi\u00e8me\u00a0le\u00e7on, vous pouvez recevoir un remboursement complet.<\/li>\n<li><strong>Remboursement partiel (pourcentage partiel des frais de scolarit\u00e9)\u00a0:<\/strong>\u00a0Apr\u00e8s votre deuxi\u00e8me\u00a0le\u00e7on, vous recevrez un remboursement au pro rata qui est calcul\u00e9 en fonction du nombre de le\u00e7ons suivies incluses dans votre forfait, plus le co\u00fbt de deux\u00a0le\u00e7ons.<\/li>\n<\/ul>\n<p>&nbsp;<\/p>\n<p><strong>Changement d\u2019horaire et accessibilit\u00e9 aux cours particuliers<\/strong><\/p>\n<p>&nbsp;<\/p>\n<p>Si vous souhaitez reprogrammer un cours particulier, veuillez en informer votre professeur ou le service client d&rsquo;eTeacher<u> (<\/u><a href=\"mailto:service@eteachergroup.com\"><strong>service@eteachergroup.com<\/strong><\/a>) au moins 12\u00a0heures avant la session pr\u00e9vue. Les le\u00e7ons qui ont \u00e9t\u00e9 annul\u00e9es sans pr\u00e9avis sont d\u00e9duites du nombre total d&rsquo;heures auxquelles l&rsquo;\u00e9tudiant a droit. Les cours particuliers sont valables un\u00a0an \u00e0 compter de la date d\u2019inscription.<\/p>\n<p>&nbsp;<\/p>\n<p>Dans le cas o\u00f9 Tekkie\u00a0Uni d\u00e9cide d&rsquo;annuler un cours (une telle d\u00e9cision est enti\u00e8rement \u00e0 la discr\u00e9tion de la direction), les paiements des inscrits seront int\u00e9gralement rembours\u00e9s.<\/p>\n<p>Les remboursements susmentionn\u00e9s sont les seuls accord\u00e9s aux personnes qui annulent leur cours.<\/p>\n<p>&nbsp;<\/p>\n","protected":false},"excerpt":{"rendered":"<p>Votre satisfaction est primordiale\u00a0! Si vous rencontrez des probl\u00e8mes avec votre cours, veuillez contacter notre service client qui se chargera de vous venir en aide.\ud83d\ude0a \u00a0 Politique d&rsquo;annulation \u2013 Cours\u00a0 \u00a0 Veuillez noter que les 2\u00a0premi\u00e8res le\u00e7ons sont des le\u00e7ons d&rsquo;essai. Si vous d\u00e9cidez d\u2019annuler vos cours, vous avez droit \u00e0 un remboursement partiel selon [&hellip;]<\/p>\n","protected":false},"author":31,"featured_media":0,"parent":581,"menu_order":0,"comment_status":"closed","ping_status":"closed","template":"","meta":{"_acf_changed":false,"inline_featured_image":false,"footnotes":""},"class_list":["post-1502","page","type-page","status-publish","hentry"],"acf":[],"yoast_head":"<!-- This site is optimized with the Yoast SEO plugin v25.0 - https:\/\/yoast.com\/wordpress\/plugins\/seo\/ -->\n<title>Conditions d&#039;annulation -Archiver- Tekkie Uni<\/title>\n<meta name=\"description\" content=\"La politique d&#039;annulation (Archiver) d\u00e9finit les conditions en cas d&#039;annulation de votre inscription.\" \/>\n<meta name=\"robots\" content=\"index, follow, max-snippet:-1, max-image-preview:large, max-video-preview:-1\" \/>\n<link rel=\"canonical\" href=\"https:\/\/tekkieuni.com\/fr\/terms-and-conditions\/cancellation-policy-nt-archive\/\" \/>\n<meta property=\"og:locale\" content=\"fr_FR\" \/>\n<meta property=\"og:type\" content=\"article\" \/>\n<meta property=\"og:title\" content=\"Conditions d&#039;annulation -Archiver- Tekkie Uni\" \/>\n<meta property=\"og:description\" content=\"La politique d&#039;annulation (Archiver) d\u00e9finit les conditions en cas d&#039;annulation de votre inscription.\" \/>\n<meta property=\"og:url\" content=\"https:\/\/tekkieuni.com\/fr\/terms-and-conditions\/cancellation-policy-nt-archive\/\" \/>\n<meta property=\"og:site_name\" content=\"TekkieUni - Coding for Kids\" \/>\n<meta property=\"article:publisher\" content=\"https:\/\/www.facebook.com\/TekkieUni\/\" \/>\n<meta property=\"article:modified_time\" content=\"2022-01-27T15:25:03+00:00\" \/>\n<meta name=\"twitter:card\" content=\"summary_large_image\" \/>\n<meta name=\"twitter:label1\" content=\"Dur\u00e9e de lecture estim\u00e9e\" \/>\n\t<meta name=\"twitter:data1\" content=\"2 minutes\" \/>\n<!-- \/ Yoast SEO plugin. -->","yoast_head_json":{"title":"Conditions d'annulation -Archiver- Tekkie Uni","description":"La politique d'annulation (Archiver) d\u00e9finit les conditions en cas d'annulation de votre inscription.","robots":{"index":"index","follow":"follow","max-snippet":"max-snippet:-1","max-image-preview":"max-image-preview:large","max-video-preview":"max-video-preview:-1"},"canonical":"https:\/\/tekkieuni.com\/fr\/terms-and-conditions\/cancellation-policy-nt-archive\/","og_locale":"fr_FR","og_type":"article","og_title":"Conditions d'annulation -Archiver- Tekkie Uni","og_description":"La politique d'annulation (Archiver) d\u00e9finit les conditions en cas d'annulation de votre inscription.","og_url":"https:\/\/tekkieuni.com\/fr\/terms-and-conditions\/cancellation-policy-nt-archive\/","og_site_name":"TekkieUni - Coding for Kids","article_publisher":"https:\/\/www.facebook.com\/TekkieUni\/","article_modified_time":"2022-01-27T15:25:03+00:00","twitter_card":"summary_large_image","twitter_misc":{"Dur\u00e9e de lecture estim\u00e9e":"2 minutes"},"schema":{"@context":"https:\/\/schema.org","@graph":[{"@type":"WebPage","@id":"https:\/\/tekkieuni.com\/fr\/terms-and-conditions\/cancellation-policy-nt-archive\/","url":"https:\/\/tekkieuni.com\/fr\/terms-and-conditions\/cancellation-policy-nt-archive\/","name":"Conditions d'annulation -Archiver- Tekkie Uni","isPartOf":{"@id":"https:\/\/tekkieuni.com\/#website"},"datePublished":"2017-09-03T10:44:27+00:00","dateModified":"2022-01-27T15:25:03+00:00","description":"La politique d'annulation (Archiver) d\u00e9finit les conditions en cas d'annulation de votre inscription.","breadcrumb":{"@id":"https:\/\/tekkieuni.com\/fr\/terms-and-conditions\/cancellation-policy-nt-archive\/#breadcrumb"},"inLanguage":"fr-FR","potentialAction":[{"@type":"ReadAction","target":["https:\/\/tekkieuni.com\/fr\/terms-and-conditions\/cancellation-policy-nt-archive\/"]}]},{"@type":"BreadcrumbList","@id":"https:\/\/tekkieuni.com\/fr\/terms-and-conditions\/cancellation-policy-nt-archive\/#breadcrumb","itemListElement":[{"@type":"ListItem","position":1,"name":"TERMES ET CONDITIONS","item":"https:\/\/tekkieuni.com\/fr\/terms-and-conditions\/"},{"@type":"ListItem","position":2,"name":"POLITIQUE D\u2019ANNULATION (NT) (Archiver)"}]},{"@type":"WebSite","@id":"https:\/\/tekkieuni.com\/#website","url":"https:\/\/tekkieuni.com\/","name":"TekkieUni - Coding for Kids","description":"","potentialAction":[{"@type":"SearchAction","target":{"@type":"EntryPoint","urlTemplate":"https:\/\/tekkieuni.com\/?s={search_term_string}"},"query-input":{"@type":"PropertyValueSpecification","valueRequired":true,"valueName":"search_term_string"}}],"inLanguage":"fr-FR"}]}},"jetpack_sharing_enabled":true,"_links":{"self":[{"href":"https:\/\/tekkieuni.com\/fr\/wp-json\/wp\/v2\/pages\/1502","targetHints":{"allow":["GET"]}}],"collection":[{"href":"https:\/\/tekkieuni.com\/fr\/wp-json\/wp\/v2\/pages"}],"about":[{"href":"https:\/\/tekkieuni.com\/fr\/wp-json\/wp\/v2\/types\/page"}],"author":[{"embeddable":true,"href":"https:\/\/tekkieuni.com\/fr\/wp-json\/wp\/v2\/users\/31"}],"replies":[{"embeddable":true,"href":"https:\/\/tekkieuni.com\/fr\/wp-json\/wp\/v2\/comments?post=1502"}],"version-history":[{"count":0,"href":"https:\/\/tekkieuni.com\/fr\/wp-json\/wp\/v2\/pages\/1502\/revisions"}],"up":[{"embeddable":true,"href":"https:\/\/tekkieuni.com\/fr\/wp-json\/wp\/v2\/pages\/581"}],"wp:attachment":[{"href":"https:\/\/tekkieuni.com\/fr\/wp-json\/wp\/v2\/media?parent=1502"}],"curies":[{"name":"wp","href":"https:\/\/api.w.org\/{rel}","templated":true}]}}