{"id":31199,"date":"2022-01-21T15:40:08","date_gmt":"2022-01-21T15:40:08","guid":{"rendered":"https:\/\/tekkieuni.com\/?page_id=31199"},"modified":"2022-01-28T07:06:11","modified_gmt":"2022-01-28T07:06:11","slug":"partnerships","status":"publish","type":"page","link":"https:\/\/tekkieuni.com\/fr\/partnerships\/","title":{"rendered":"Tekkie\u202fUni\u202ffor\u202fBusiness"},"content":{"rendered":"","protected":false},"excerpt":{"rendered":"","protected":false},"author":23,"featured_media":0,"parent":0,"menu_order":0,"comment_status":"closed","ping_status":"closed","template":"templates\/page-business.php","meta":{"_acf_changed":false,"inline_featured_image":false,"footnotes":""},"class_list":["post-31199","page","type-page","status-publish","hentry"],"acf":[],"yoast_head":"<!-- This site is optimized with the Yoast SEO plugin v25.0 - https:\/\/yoast.com\/wordpress\/plugins\/seo\/ -->\n<title>Tekkie\u202fUni\u202ffor\u202fBusiness<\/title>\n<meta name=\"description\" content=\"Un avantage aux effets durables pour les employ\u00e9s : cours en ligne de codage et de mati\u00e8res cr\u00e9atives \u00e0 prix r\u00e9duit pour leurs enfants\" \/>\n<meta name=\"robots\" content=\"index, follow, max-snippet:-1, max-image-preview:large, max-video-preview:-1\" \/>\n<link rel=\"canonical\" href=\"https:\/\/tekkieuni.com\/fr\/partnerships\/\" \/>\n<meta property=\"og:locale\" content=\"fr_FR\" \/>\n<meta property=\"og:type\" content=\"article\" \/>\n<meta property=\"og:title\" content=\"Tekkie\u202fUni\u202ffor\u202fBusiness\" \/>\n<meta property=\"og:description\" content=\"Un avantage aux effets durables pour les employ\u00e9s : cours en ligne de codage et de mati\u00e8res cr\u00e9atives \u00e0 prix r\u00e9duit pour leurs enfants\" \/>\n<meta property=\"og:url\" content=\"https:\/\/tekkieuni.com\/fr\/partnerships\/\" \/>\n<meta property=\"og:site_name\" content=\"TekkieUni - Coding for Kids\" \/>\n<meta property=\"article:publisher\" content=\"https:\/\/www.facebook.com\/TekkieUni\/\" \/>\n<meta property=\"article:modified_time\" content=\"2022-01-28T07:06:11+00:00\" \/>\n<meta name=\"twitter:card\" content=\"summary_large_image\" \/>\n<!-- \/ Yoast SEO plugin. -->","yoast_head_json":{"title":"Tekkie\u202fUni\u202ffor\u202fBusiness","description":"Un avantage aux effets durables pour les employ\u00e9s : cours en ligne de codage et de mati\u00e8res cr\u00e9atives \u00e0 prix r\u00e9duit pour leurs enfants","robots":{"index":"index","follow":"follow","max-snippet":"max-snippet:-1","max-image-preview":"max-image-preview:large","max-video-preview":"max-video-preview:-1"},"canonical":"https:\/\/tekkieuni.com\/fr\/partnerships\/","og_locale":"fr_FR","og_type":"article","og_title":"Tekkie\u202fUni\u202ffor\u202fBusiness","og_description":"Un avantage aux effets durables pour les employ\u00e9s : cours en ligne de codage et de mati\u00e8res cr\u00e9atives \u00e0 prix r\u00e9duit pour leurs enfants","og_url":"https:\/\/tekkieuni.com\/fr\/partnerships\/","og_site_name":"TekkieUni - Coding for Kids","article_publisher":"https:\/\/www.facebook.com\/TekkieUni\/","article_modified_time":"2022-01-28T07:06:11+00:00","twitter_card":"summary_large_image","schema":{"@context":"https:\/\/schema.org","@graph":[{"@type":"WebPage","@id":"https:\/\/tekkieuni.com\/fr\/partnerships\/","url":"https:\/\/tekkieuni.com\/fr\/partnerships\/","name":"Tekkie\u202fUni\u202ffor\u202fBusiness","isPartOf":{"@id":"https:\/\/tekkieuni.com\/#website"},"datePublished":"2022-01-21T15:40:08+00:00","dateModified":"2022-01-28T07:06:11+00:00","description":"Un avantage aux effets durables pour les employ\u00e9s : cours en ligne de codage et de mati\u00e8res cr\u00e9atives \u00e0 prix r\u00e9duit pour leurs enfants","inLanguage":"fr-FR","potentialAction":[{"@type":"ReadAction","target":["https:\/\/tekkieuni.com\/fr\/partnerships\/"]}]},{"@type":"WebSite","@id":"https:\/\/tekkieuni.com\/#website","url":"https:\/\/tekkieuni.com\/","name":"TekkieUni - Coding for Kids","description":"","potentialAction":[{"@type":"SearchAction","target":{"@type":"EntryPoint","urlTemplate":"https:\/\/tekkieuni.com\/?s={search_term_string}"},"query-input":{"@type":"PropertyValueSpecification","valueRequired":true,"valueName":"search_term_string"}}],"inLanguage":"fr-FR"}]}},"jetpack_sharing_enabled":true,"_links":{"self":[{"href":"https:\/\/tekkieuni.com\/fr\/wp-json\/wp\/v2\/pages\/31199","targetHints":{"allow":["GET"]}}],"collection":[{"href":"https:\/\/tekkieuni.com\/fr\/wp-json\/wp\/v2\/pages"}],"about":[{"href":"https:\/\/tekkieuni.com\/fr\/wp-json\/wp\/v2\/types\/page"}],"author":[{"embeddable":true,"href":"https:\/\/tekkieuni.com\/fr\/wp-json\/wp\/v2\/users\/23"}],"replies":[{"embeddable":true,"href":"https:\/\/tekkieuni.com\/fr\/wp-json\/wp\/v2\/comments?post=31199"}],"version-history":[{"count":0,"href":"https:\/\/tekkieuni.com\/fr\/wp-json\/wp\/v2\/pages\/31199\/revisions"}],"wp:attachment":[{"href":"https:\/\/tekkieuni.com\/fr\/wp-json\/wp\/v2\/media?parent=31199"}],"curies":[{"name":"wp","href":"https:\/\/api.w.org\/{rel}","templated":true}]}}