{"id":865,"date":"2017-05-11T07:39:15","date_gmt":"2017-05-11T07:39:15","guid":{"rendered":"http:\/\/tekkieuni.com\/fr\/how-it-works-ii\/"},"modified":"2024-08-28T08:50:40","modified_gmt":"2024-08-28T08:50:40","slug":"how-it-works","status":"publish","type":"page","link":"https:\/\/tekkieuni.com\/fr\/how-it-works\/","title":{"rendered":"COMMENT \u00c7A MARCHE"},"content":{"rendered":"","protected":false},"excerpt":{"rendered":"","protected":false},"author":31,"featured_media":0,"parent":0,"menu_order":0,"comment_status":"closed","ping_status":"closed","template":"templates\/page-how-it-works-v2.php","meta":{"_acf_changed":false,"inline_featured_image":false,"footnotes":""},"class_list":["post-865","page","type-page","status-publish","hentry"],"acf":[],"yoast_head":"<!-- This site is optimized with the Yoast SEO plugin v25.0 - https:\/\/yoast.com\/wordpress\/plugins\/seo\/ -->\n<title>Notre m\u00e9thode d&#039;enseignement en ligne novatrice - Tekkie Uni<\/title>\n<meta name=\"description\" content=\"Nous connectons vos enfants avec des enseignants certifi\u00e9s et une communaut\u00e9 par le biais de cours en ligne ludiques. Le programme se d\u00e9roule dans un environnement enrichissant, propice \u00e0 l&#039;apprentissage et \u00e0 la progression gr\u00e2ce \u00e0 des outils tels que comme des forums \u00e9l\u00e8ves-enseignant, des contenu en ligne pour \u00e9largir leurs connaissances et des sessions pratiques hebdomadaires.\" \/>\n<meta name=\"robots\" content=\"index, follow, max-snippet:-1, max-image-preview:large, max-video-preview:-1\" \/>\n<link rel=\"canonical\" href=\"https:\/\/tekkieuni.com\/fr\/how-it-works\/\" \/>\n<meta property=\"og:locale\" content=\"fr_FR\" \/>\n<meta property=\"og:type\" content=\"article\" \/>\n<meta property=\"og:title\" content=\"Notre m\u00e9thode d&#039;enseignement en ligne novatrice - Tekkie Uni\" \/>\n<meta property=\"og:description\" content=\"Nous connectons vos enfants avec des enseignants certifi\u00e9s et une communaut\u00e9 par le biais de cours en ligne ludiques. Le programme se d\u00e9roule dans un environnement enrichissant, propice \u00e0 l&#039;apprentissage et \u00e0 la progression gr\u00e2ce \u00e0 des outils tels que comme des forums \u00e9l\u00e8ves-enseignant, des contenu en ligne pour \u00e9largir leurs connaissances et des sessions pratiques hebdomadaires.\" \/>\n<meta property=\"og:url\" content=\"https:\/\/tekkieuni.com\/fr\/how-it-works\/\" \/>\n<meta property=\"og:site_name\" content=\"TekkieUni - Coding for Kids\" \/>\n<meta property=\"article:publisher\" content=\"https:\/\/www.facebook.com\/TekkieUni\/\" \/>\n<meta property=\"article:modified_time\" content=\"2024-08-28T08:50:40+00:00\" \/>\n<meta name=\"twitter:card\" content=\"summary_large_image\" \/>\n<!-- \/ Yoast SEO plugin. -->","yoast_head_json":{"title":"Notre m\u00e9thode d'enseignement en ligne novatrice - Tekkie Uni","description":"Nous connectons vos enfants avec des enseignants certifi\u00e9s et une communaut\u00e9 par le biais de cours en ligne ludiques. Le programme se d\u00e9roule dans un environnement enrichissant, propice \u00e0 l'apprentissage et \u00e0 la progression gr\u00e2ce \u00e0 des outils tels que comme des forums \u00e9l\u00e8ves-enseignant, des contenu en ligne pour \u00e9largir leurs connaissances et des sessions pratiques hebdomadaires.","robots":{"index":"index","follow":"follow","max-snippet":"max-snippet:-1","max-image-preview":"max-image-preview:large","max-video-preview":"max-video-preview:-1"},"canonical":"https:\/\/tekkieuni.com\/fr\/how-it-works\/","og_locale":"fr_FR","og_type":"article","og_title":"Notre m\u00e9thode d'enseignement en ligne novatrice - Tekkie Uni","og_description":"Nous connectons vos enfants avec des enseignants certifi\u00e9s et une communaut\u00e9 par le biais de cours en ligne ludiques. Le programme se d\u00e9roule dans un environnement enrichissant, propice \u00e0 l'apprentissage et \u00e0 la progression gr\u00e2ce \u00e0 des outils tels que comme des forums \u00e9l\u00e8ves-enseignant, des contenu en ligne pour \u00e9largir leurs connaissances et des sessions pratiques hebdomadaires.","og_url":"https:\/\/tekkieuni.com\/fr\/how-it-works\/","og_site_name":"TekkieUni - Coding for Kids","article_publisher":"https:\/\/www.facebook.com\/TekkieUni\/","article_modified_time":"2024-08-28T08:50:40+00:00","twitter_card":"summary_large_image","schema":{"@context":"https:\/\/schema.org","@graph":[{"@type":"WebPage","@id":"https:\/\/tekkieuni.com\/fr\/how-it-works\/","url":"https:\/\/tekkieuni.com\/fr\/how-it-works\/","name":"Notre m\u00e9thode d'enseignement en ligne novatrice - Tekkie Uni","isPartOf":{"@id":"https:\/\/tekkieuni.com\/#website"},"datePublished":"2017-05-11T07:39:15+00:00","dateModified":"2024-08-28T08:50:40+00:00","description":"Nous connectons vos enfants avec des enseignants certifi\u00e9s et une communaut\u00e9 par le biais de cours en ligne ludiques. Le programme se d\u00e9roule dans un environnement enrichissant, propice \u00e0 l'apprentissage et \u00e0 la progression gr\u00e2ce \u00e0 des outils tels que comme des forums \u00e9l\u00e8ves-enseignant, des contenu en ligne pour \u00e9largir leurs connaissances et des sessions pratiques hebdomadaires.","inLanguage":"fr-FR","potentialAction":[{"@type":"ReadAction","target":["https:\/\/tekkieuni.com\/fr\/how-it-works\/"]}]},{"@type":"WebSite","@id":"https:\/\/tekkieuni.com\/#website","url":"https:\/\/tekkieuni.com\/","name":"TekkieUni - Coding for Kids","description":"","potentialAction":[{"@type":"SearchAction","target":{"@type":"EntryPoint","urlTemplate":"https:\/\/tekkieuni.com\/?s={search_term_string}"},"query-input":{"@type":"PropertyValueSpecification","valueRequired":true,"valueName":"search_term_string"}}],"inLanguage":"fr-FR"}]}},"jetpack_sharing_enabled":true,"_links":{"self":[{"href":"https:\/\/tekkieuni.com\/fr\/wp-json\/wp\/v2\/pages\/865","targetHints":{"allow":["GET"]}}],"collection":[{"href":"https:\/\/tekkieuni.com\/fr\/wp-json\/wp\/v2\/pages"}],"about":[{"href":"https:\/\/tekkieuni.com\/fr\/wp-json\/wp\/v2\/types\/page"}],"author":[{"embeddable":true,"href":"https:\/\/tekkieuni.com\/fr\/wp-json\/wp\/v2\/users\/31"}],"replies":[{"embeddable":true,"href":"https:\/\/tekkieuni.com\/fr\/wp-json\/wp\/v2\/comments?post=865"}],"version-history":[{"count":0,"href":"https:\/\/tekkieuni.com\/fr\/wp-json\/wp\/v2\/pages\/865\/revisions"}],"wp:attachment":[{"href":"https:\/\/tekkieuni.com\/fr\/wp-json\/wp\/v2\/media?parent=865"}],"curies":[{"name":"wp","href":"https:\/\/api.w.org\/{rel}","templated":true}]}}